{"id":1032,"date":"2020-08-27T00:43:45","date_gmt":"2020-08-26T22:43:45","guid":{"rendered":"https:\/\/www.la16.fr\/fr\/?page_id=1032"},"modified":"2023-03-26T11:04:27","modified_gmt":"2023-03-26T09:04:27","slug":"association","status":"publish","type":"page","link":"https:\/\/www.la16.fr\/fr\/association\/","title":{"rendered":"L&rsquo;association LA16.fr"},"content":{"rendered":"<div id=\"modal-ready\">\t\t<div data-elementor-type=\"wp-page\" data-elementor-id=\"1032\" class=\"elementor elementor-1032\" data-elementor-post-type=\"page\">\n\t\t\t\t\t\t<section class=\"elementor-section elementor-top-section elementor-element elementor-element-88971a5 elementor-section-stretched elementor-section-boxed elementor-section-height-default elementor-section-height-default\" data-id=\"88971a5\" data-element_type=\"section\" data-e-type=\"section\" data-settings=\"{&quot;stretch_section&quot;:&quot;section-stretched&quot;}\">\n\t\t\t\t\t\t<div class=\"elementor-container elementor-column-gap-default\">\n\t\t\t\t\t<div class=\"elementor-column elementor-col-100 elementor-top-column elementor-element elementor-element-c0284ad\" data-id=\"c0284ad\" data-element_type=\"column\" data-e-type=\"column\">\n\t\t\t<div class=\"elementor-widget-wrap elementor-element-populated\">\n\t\t\t\t\t\t<div class=\"elementor-element elementor-element-cf7d1d0 elementor-widget elementor-widget-proradio-elementor-section-caption\" data-id=\"cf7d1d0\" data-element_type=\"widget\" data-e-type=\"widget\" data-widget_type=\"proradio-elementor-section-caption.default\">\n\t\t\t\t<div class=\"elementor-widget-container\">\n\t\t\t\t\t\n\t\t<div class=\"proradio-section-caption  proradio-section-caption--m\">\n\n\t\t\t\t\t\t\t<h2 id=\"proradiotabsdeccede-lassociationlafr\" class=\"proradio-center proradio-capfont proradio-proradiotabsdeccede-lassociationlafr proradio-txtfx-oslo-container proradio-textfx-wrap \">\n\t\t\t\t\t\t\t\t\t\t\t\t<span class=\"proradio-txtfx proradio-txtfx--oslo\" data-qtwaypoints-offset=\"50\" data-qtwaypoints >\n\t\t\t\t\t\t\t\t<span>L<\/span><span>&#039;<\/span><span>a<\/span><span>s<\/span><span>s<\/span><span>o<\/span><span>c<\/span><span>i<\/span><span>a<\/span><span>t<\/span><span>i<\/span><span>o<\/span><span>n<\/span><span> <\/span><span>L<\/span><span>A<\/span><span>1<\/span><span>6<\/span><span>.<\/span><span>f<\/span><span>r<\/span>\t\t\t\t\t\t\t<\/span>\n\t\t\t\t\t\t\t\t\t\t\t<\/h2>\n\t\t\t\t\t\t<\/div>\n\t\t\t\t<div data-proradio-customstyles=\".proradio-proradiotabsdeccede-lassociationlafr .proradio-txtfx--oslo span  { color: #999999}\n\t\t\t\t\t\t\t.proradio-proradiotabsdeccede-lassociationlafr .proradio-txtfx--oslo.proradio-active span  { color: #999999}\n\t\t\t\t\t\t\t.proradio-proradiotabsdeccede-lassociationlafr .proradio-txtfx--oslo::before { border-color: #FF0056}\"><\/div>\n\t\t\t\t\t\t<\/div>\n\t\t\t\t<\/div>\n\t\t\t\t<div class=\"elementor-element elementor-element-f538daa elementor-widget elementor-widget-image\" data-id=\"f538daa\" data-element_type=\"widget\" data-e-type=\"widget\" data-widget_type=\"image.default\">\n\t\t\t\t<div class=\"elementor-widget-container\">\n\t\t\t\t\t\t\t\t\t\t\t\t\t\t\t<img decoding=\"async\" width=\"2560\" height=\"921\" src=\"https:\/\/www.la16.fr\/fr\/wp-content\/uploads\/2021\/11\/01-couv-printemps-scaled.jpg\" class=\"attachment-full size-full wp-image-16059\" alt=\"\" srcset=\"https:\/\/www.la16.fr\/fr\/wp-content\/uploads\/2021\/11\/01-couv-printemps-scaled.jpg 2560w, https:\/\/www.la16.fr\/fr\/wp-content\/uploads\/2021\/11\/01-couv-printemps-400x144.jpg 400w, https:\/\/www.la16.fr\/fr\/wp-content\/uploads\/2021\/11\/01-couv-printemps-1200x432.jpg 1200w, https:\/\/www.la16.fr\/fr\/wp-content\/uploads\/2021\/11\/01-couv-printemps-768x276.jpg 768w, https:\/\/www.la16.fr\/fr\/wp-content\/uploads\/2021\/11\/01-couv-printemps-1536x552.jpg 1536w, https:\/\/www.la16.fr\/fr\/wp-content\/uploads\/2021\/11\/01-couv-printemps-2048x737.jpg 2048w\" sizes=\"(max-width: 2560px) 100vw, 2560px\" \/>\t\t\t\t\t\t\t\t\t\t\t\t\t\t\t<\/div>\n\t\t\t\t<\/div>\n\t\t\t\t<div class=\"elementor-element elementor-element-56bc946 elementor-widget elementor-widget-text-editor\" data-id=\"56bc946\" data-element_type=\"widget\" data-e-type=\"widget\" data-widget_type=\"text-editor.default\">\n\t\t\t\t<div class=\"elementor-widget-container\">\n\t\t\t\t\t\t\t\t\t<h3>Qui sommes nous ?<\/h3>\n<p>L&rsquo;association LA16 a \u00e9t\u00e9 cr\u00e9\u00e9e le 7 mars 2019, a pour objet :<\/p>\n<ul>\n<li>Cr\u00e9er des \u00e9missions radiophoniques et des \u00e9v\u00e9nements de divertissement culturel.<\/li>\n<li>Diffuser un programme radiophonique.<\/li>\n<li>Favoriser, d\u00e9velopper et promouvoir la culture et les technologies.<\/li>\n<li>Dispenser des formations radiophoniques et informatiques.<\/li>\n<li>Promouvoir la culture et la vie locale et associative.<\/li>\n<\/ul>\n<p>Les membres fondateurs sont :<\/p>\n<ul>\n<li>Basile DUBON<\/li>\n<li>Samuel Montexier<\/li>\n<li>Didier Bourdeau<\/li>\n<\/ul>\n<p>En plus des fonctions administratives, les membres fondateurs sont \u00e9galement en charge d&rsquo;un cr\u00e9neau horaire, et de fonction bien d\u00e9finies au sein de la radio.<\/p>\n<h4>Les informations l\u00e9gales :<\/h4>\n<p>Directeur de la publication : Basile DUBON<\/p>\n<p>Si\u00e8ge social de l&rsquo;association : 6 route de Chez Maridou &#8211; 16220 Montbron<\/p>\n<h4>Documents l\u00e9gaux :<\/h4>\n<p><a href=\"https:\/\/www.la16.fr\/fr\/wp-content\/uploads\/2019\/05\/JOAFE_PDF_Unitaire_20190012_00225.pdf\" target=\"_blank\" rel=\"noopener noreferrer\">Journal Officiel<\/a><\/p>\n<h4>Politique de confidentialit\u00e9.<\/h4>\n<p><a href=\"https:\/\/www.la16.fr\/fr\/politique-de-confidentialite\/\">Voir la page<\/a><\/p>\n<h4>Mentions l\u00e9gales :<\/h4>\n<p><a href=\"https:\/\/www.la16.fr\/fr\/mentions-legales\/\">Voir la page<\/a><\/p>\n<h4>Statuts de l&rsquo;association :<\/h4>\n<p><a href=\"https:\/\/www.la16.fr\/fr\/wp-content\/uploads\/2021\/11\/la16-statuts-2023.pdf\">Voir les statuts.<\/a><\/p>\t\t\t\t\t\t\t\t<\/div>\n\t\t\t\t<\/div>\n\t\t\t\t\t<\/div>\n\t\t<\/div>\n\t\t\t\t\t<\/div>\n\t\t<\/section>\n\t\t\t\t<\/div>\n\t\t<\/div>","protected":false},"excerpt":{"rendered":"<p>L&#039;association LA16.fr Qui sommes nous ? L&rsquo;association LA16 a \u00e9t\u00e9 cr\u00e9\u00e9e le 7 mars 2019, a pour objet : Cr\u00e9er des \u00e9missions radiophoniques et des \u00e9v\u00e9nements de divertissement culturel. Diffuser un programme radiophonique. Favoriser, d\u00e9velopper et promouvoir la culture et les technologies. Dispenser des formations radiophoniques et informatiques. Promouvoir la ...<\/p>\n","protected":false},"author":1,"featured_media":0,"parent":0,"menu_order":0,"comment_status":"closed","ping_status":"closed","template":"","meta":{"footnotes":""},"class_list":["post-1032","page","type-page","status-publish","hentry"],"yoast_head":"<!-- This site is optimized with the Yoast SEO plugin v27.4 - https:\/\/yoast.com\/product\/yoast-seo-wordpress\/ -->\n<title>L&#039;association LA16.fr | LA16.fr en Charente<\/title>\n<meta name=\"robots\" content=\"index, follow, max-snippet:-1, max-image-preview:large, max-video-preview:-1\" \/>\n<link rel=\"canonical\" href=\"https:\/\/www.la16.fr\/fr\/association\/\" \/>\n<meta property=\"og:locale\" content=\"fr_FR\" \/>\n<meta property=\"og:type\" content=\"article\" \/>\n<meta property=\"og:title\" content=\"L&#039;association LA16.fr | LA16.fr en Charente\" \/>\n<meta property=\"og:description\" content=\"L&#039;association LA16.fr Qui sommes nous ? L&rsquo;association LA16 a \u00e9t\u00e9 cr\u00e9\u00e9e le 7 mars 2019, a pour objet : Cr\u00e9er des \u00e9missions radiophoniques et des \u00e9v\u00e9nements de divertissement culturel. Diffuser un programme radiophonique. Favoriser, d\u00e9velopper et promouvoir la culture et les technologies. Dispenser des formations radiophoniques et informatiques. Promouvoir la [...]\" \/>\n<meta property=\"og:url\" content=\"https:\/\/www.la16.fr\/fr\/association\/\" \/>\n<meta property=\"og:site_name\" content=\"LA16.fr en Charente\" \/>\n<meta property=\"article:publisher\" content=\"https:\/\/www.facebook.com\/LA16fr\" \/>\n<meta property=\"article:modified_time\" content=\"2023-03-26T09:04:27+00:00\" \/>\n<meta property=\"og:image\" content=\"https:\/\/www.la16.fr\/fr\/wp-content\/uploads\/2021\/11\/01-couv-printemps-scaled.jpg\" \/>\n<meta name=\"twitter:card\" content=\"summary_large_image\" \/>\n<meta name=\"twitter:site\" content=\"@La16Fr\" \/>\n<meta name=\"twitter:label1\" content=\"Dur\u00e9e de lecture estim\u00e9e\" \/>\n\t<meta name=\"twitter:data1\" content=\"1 minute\" \/>\n<script type=\"application\/ld+json\" class=\"yoast-schema-graph\">{\"@context\":\"https:\\\/\\\/schema.org\",\"@graph\":[{\"@type\":\"WebPage\",\"@id\":\"https:\\\/\\\/www.la16.fr\\\/fr\\\/association\\\/\",\"url\":\"https:\\\/\\\/www.la16.fr\\\/fr\\\/association\\\/\",\"name\":\"L'association LA16.fr | LA16.fr en Charente\",\"isPartOf\":{\"@id\":\"https:\\\/\\\/www.la16.fr\\\/fr\\\/#website\"},\"primaryImageOfPage\":{\"@id\":\"https:\\\/\\\/www.la16.fr\\\/fr\\\/association\\\/#primaryimage\"},\"image\":{\"@id\":\"https:\\\/\\\/www.la16.fr\\\/fr\\\/association\\\/#primaryimage\"},\"thumbnailUrl\":\"https:\\\/\\\/www.la16.fr\\\/fr\\\/wp-content\\\/uploads\\\/2021\\\/11\\\/01-couv-printemps-scaled.jpg\",\"datePublished\":\"2020-08-26T22:43:45+00:00\",\"dateModified\":\"2023-03-26T09:04:27+00:00\",\"breadcrumb\":{\"@id\":\"https:\\\/\\\/www.la16.fr\\\/fr\\\/association\\\/#breadcrumb\"},\"inLanguage\":\"fr-FR\",\"potentialAction\":[{\"@type\":\"ReadAction\",\"target\":[\"https:\\\/\\\/www.la16.fr\\\/fr\\\/association\\\/\"]}]},{\"@type\":\"ImageObject\",\"inLanguage\":\"fr-FR\",\"@id\":\"https:\\\/\\\/www.la16.fr\\\/fr\\\/association\\\/#primaryimage\",\"url\":\"https:\\\/\\\/www.la16.fr\\\/fr\\\/wp-content\\\/uploads\\\/2021\\\/11\\\/01-couv-printemps-scaled.jpg\",\"contentUrl\":\"https:\\\/\\\/www.la16.fr\\\/fr\\\/wp-content\\\/uploads\\\/2021\\\/11\\\/01-couv-printemps-scaled.jpg\",\"width\":2560,\"height\":921},{\"@type\":\"BreadcrumbList\",\"@id\":\"https:\\\/\\\/www.la16.fr\\\/fr\\\/association\\\/#breadcrumb\",\"itemListElement\":[{\"@type\":\"ListItem\",\"position\":1,\"name\":\"Accueil\",\"item\":\"https:\\\/\\\/www.la16.fr\\\/fr\\\/\"},{\"@type\":\"ListItem\",\"position\":2,\"name\":\"L&rsquo;association LA16.fr\"}]},{\"@type\":\"WebSite\",\"@id\":\"https:\\\/\\\/www.la16.fr\\\/fr\\\/#website\",\"url\":\"https:\\\/\\\/www.la16.fr\\\/fr\\\/\",\"name\":\"LA16.fr en Charente\",\"description\":\"\",\"publisher\":{\"@id\":\"https:\\\/\\\/www.la16.fr\\\/fr\\\/#organization\"},\"potentialAction\":[{\"@type\":\"SearchAction\",\"target\":{\"@type\":\"EntryPoint\",\"urlTemplate\":\"https:\\\/\\\/www.la16.fr\\\/fr\\\/?s={search_term_string}\"},\"query-input\":{\"@type\":\"PropertyValueSpecification\",\"valueRequired\":true,\"valueName\":\"search_term_string\"}}],\"inLanguage\":\"fr-FR\"},{\"@type\":\"Organization\",\"@id\":\"https:\\\/\\\/www.la16.fr\\\/fr\\\/#organization\",\"name\":\"LA16\",\"url\":\"https:\\\/\\\/www.la16.fr\\\/fr\\\/\",\"logo\":{\"@type\":\"ImageObject\",\"inLanguage\":\"fr-FR\",\"@id\":\"https:\\\/\\\/www.la16.fr\\\/fr\\\/#\\\/schema\\\/logo\\\/image\\\/\",\"url\":\"https:\\\/\\\/www.la16.fr\\\/fr\\\/wp-content\\\/uploads\\\/2021\\\/08\\\/logo-2019-vectoriel-ok.png\",\"contentUrl\":\"https:\\\/\\\/www.la16.fr\\\/fr\\\/wp-content\\\/uploads\\\/2021\\\/08\\\/logo-2019-vectoriel-ok.png\",\"width\":500,\"height\":500,\"caption\":\"LA16\"},\"image\":{\"@id\":\"https:\\\/\\\/www.la16.fr\\\/fr\\\/#\\\/schema\\\/logo\\\/image\\\/\"},\"sameAs\":[\"https:\\\/\\\/www.facebook.com\\\/LA16fr\",\"https:\\\/\\\/x.com\\\/La16Fr\",\"https:\\\/\\\/www.instagram.com\\\/la16fr\\\/\",\"https:\\\/\\\/www.youtube.com\\\/channel\\\/UCdWiToB8k03CX56jPTUr07A\"]}]}<\/script>\n<!-- \/ Yoast SEO plugin. -->","yoast_head_json":{"title":"L'association LA16.fr | LA16.fr en Charente","robots":{"index":"index","follow":"follow","max-snippet":"max-snippet:-1","max-image-preview":"max-image-preview:large","max-video-preview":"max-video-preview:-1"},"canonical":"https:\/\/www.la16.fr\/fr\/association\/","og_locale":"fr_FR","og_type":"article","og_title":"L'association LA16.fr | LA16.fr en Charente","og_description":"L&#039;association LA16.fr Qui sommes nous ? L&rsquo;association LA16 a \u00e9t\u00e9 cr\u00e9\u00e9e le 7 mars 2019, a pour objet : Cr\u00e9er des \u00e9missions radiophoniques et des \u00e9v\u00e9nements de divertissement culturel. Diffuser un programme radiophonique. Favoriser, d\u00e9velopper et promouvoir la culture et les technologies. Dispenser des formations radiophoniques et informatiques. Promouvoir la [...]","og_url":"https:\/\/www.la16.fr\/fr\/association\/","og_site_name":"LA16.fr en Charente","article_publisher":"https:\/\/www.facebook.com\/LA16fr","article_modified_time":"2023-03-26T09:04:27+00:00","og_image":[{"url":"https:\/\/www.la16.fr\/fr\/wp-content\/uploads\/2021\/11\/01-couv-printemps-scaled.jpg","type":"","width":"","height":""}],"twitter_card":"summary_large_image","twitter_site":"@La16Fr","twitter_misc":{"Dur\u00e9e de lecture estim\u00e9e":"1 minute"},"schema":{"@context":"https:\/\/schema.org","@graph":[{"@type":"WebPage","@id":"https:\/\/www.la16.fr\/fr\/association\/","url":"https:\/\/www.la16.fr\/fr\/association\/","name":"L'association LA16.fr | LA16.fr en Charente","isPartOf":{"@id":"https:\/\/www.la16.fr\/fr\/#website"},"primaryImageOfPage":{"@id":"https:\/\/www.la16.fr\/fr\/association\/#primaryimage"},"image":{"@id":"https:\/\/www.la16.fr\/fr\/association\/#primaryimage"},"thumbnailUrl":"https:\/\/www.la16.fr\/fr\/wp-content\/uploads\/2021\/11\/01-couv-printemps-scaled.jpg","datePublished":"2020-08-26T22:43:45+00:00","dateModified":"2023-03-26T09:04:27+00:00","breadcrumb":{"@id":"https:\/\/www.la16.fr\/fr\/association\/#breadcrumb"},"inLanguage":"fr-FR","potentialAction":[{"@type":"ReadAction","target":["https:\/\/www.la16.fr\/fr\/association\/"]}]},{"@type":"ImageObject","inLanguage":"fr-FR","@id":"https:\/\/www.la16.fr\/fr\/association\/#primaryimage","url":"https:\/\/www.la16.fr\/fr\/wp-content\/uploads\/2021\/11\/01-couv-printemps-scaled.jpg","contentUrl":"https:\/\/www.la16.fr\/fr\/wp-content\/uploads\/2021\/11\/01-couv-printemps-scaled.jpg","width":2560,"height":921},{"@type":"BreadcrumbList","@id":"https:\/\/www.la16.fr\/fr\/association\/#breadcrumb","itemListElement":[{"@type":"ListItem","position":1,"name":"Accueil","item":"https:\/\/www.la16.fr\/fr\/"},{"@type":"ListItem","position":2,"name":"L&rsquo;association LA16.fr"}]},{"@type":"WebSite","@id":"https:\/\/www.la16.fr\/fr\/#website","url":"https:\/\/www.la16.fr\/fr\/","name":"LA16.fr en Charente","description":"","publisher":{"@id":"https:\/\/www.la16.fr\/fr\/#organization"},"potentialAction":[{"@type":"SearchAction","target":{"@type":"EntryPoint","urlTemplate":"https:\/\/www.la16.fr\/fr\/?s={search_term_string}"},"query-input":{"@type":"PropertyValueSpecification","valueRequired":true,"valueName":"search_term_string"}}],"inLanguage":"fr-FR"},{"@type":"Organization","@id":"https:\/\/www.la16.fr\/fr\/#organization","name":"LA16","url":"https:\/\/www.la16.fr\/fr\/","logo":{"@type":"ImageObject","inLanguage":"fr-FR","@id":"https:\/\/www.la16.fr\/fr\/#\/schema\/logo\/image\/","url":"https:\/\/www.la16.fr\/fr\/wp-content\/uploads\/2021\/08\/logo-2019-vectoriel-ok.png","contentUrl":"https:\/\/www.la16.fr\/fr\/wp-content\/uploads\/2021\/08\/logo-2019-vectoriel-ok.png","width":500,"height":500,"caption":"LA16"},"image":{"@id":"https:\/\/www.la16.fr\/fr\/#\/schema\/logo\/image\/"},"sameAs":["https:\/\/www.facebook.com\/LA16fr","https:\/\/x.com\/La16Fr","https:\/\/www.instagram.com\/la16fr\/","https:\/\/www.youtube.com\/channel\/UCdWiToB8k03CX56jPTUr07A"]}]}},"_links":{"self":[{"href":"https:\/\/www.la16.fr\/fr\/wp-json\/wp\/v2\/pages\/1032","targetHints":{"allow":["GET"]}}],"collection":[{"href":"https:\/\/www.la16.fr\/fr\/wp-json\/wp\/v2\/pages"}],"about":[{"href":"https:\/\/www.la16.fr\/fr\/wp-json\/wp\/v2\/types\/page"}],"author":[{"embeddable":true,"href":"https:\/\/www.la16.fr\/fr\/wp-json\/wp\/v2\/users\/1"}],"replies":[{"embeddable":true,"href":"https:\/\/www.la16.fr\/fr\/wp-json\/wp\/v2\/comments?post=1032"}],"version-history":[{"count":0,"href":"https:\/\/www.la16.fr\/fr\/wp-json\/wp\/v2\/pages\/1032\/revisions"}],"wp:attachment":[{"href":"https:\/\/www.la16.fr\/fr\/wp-json\/wp\/v2\/media?parent=1032"}],"curies":[{"name":"wp","href":"https:\/\/api.w.org\/{rel}","templated":true}]}}