{"id":10486,"date":"2022-06-17T08:10:37","date_gmt":"2022-06-17T06:10:37","guid":{"rendered":"https:\/\/www.la16.fr\/fr\/?page_id=10486"},"modified":"2022-06-17T23:38:17","modified_gmt":"2022-06-17T21:38:17","slug":"reglements-des-jeux","status":"publish","type":"page","link":"https:\/\/www.la16.fr\/fr\/reglements-des-jeux\/","title":{"rendered":"R\u00e8glements des jeux"},"content":{"rendered":"<div id=\"modal-ready\">\t\t<div data-elementor-type=\"wp-page\" data-elementor-id=\"10486\" class=\"elementor elementor-10486\" data-elementor-post-type=\"page\">\n\t\t\t\t\t\t<section class=\"elementor-section elementor-top-section elementor-element elementor-element-a1e4e39 elementor-section-stretched elementor-section-boxed elementor-section-height-default elementor-section-height-default\" data-id=\"a1e4e39\" data-element_type=\"section\" data-e-type=\"section\" data-settings=\"{&quot;stretch_section&quot;:&quot;section-stretched&quot;}\">\n\t\t\t\t\t\t<div class=\"elementor-container elementor-column-gap-default\">\n\t\t\t\t\t<div class=\"elementor-column elementor-col-100 elementor-top-column elementor-element elementor-element-70b87c8\" data-id=\"70b87c8\" data-element_type=\"column\" data-e-type=\"column\">\n\t\t\t<div class=\"elementor-widget-wrap elementor-element-populated\">\n\t\t\t\t\t\t<div class=\"elementor-element elementor-element-f5a6c84 elementor-widget elementor-widget-proradio-elementor-section-caption\" data-id=\"f5a6c84\" data-element_type=\"widget\" data-e-type=\"widget\" data-widget_type=\"proradio-elementor-section-caption.default\">\n\t\t\t\t<div class=\"elementor-widget-container\">\n\t\t\t\t\t\n\t\t<div class=\"proradio-section-caption  proradio-section-caption--m\">\n\n\t\t\t\t\t\t\t<h2 id=\"proradiotabsdcabedb-rglementdesjeux\" class=\"proradio-center proradio-capfont proradio-proradiotabsdcabedb-rglementdesjeux proradio-txtfx-oslo-container proradio-textfx-wrap \">\n\t\t\t\t\t\t\t\t\t\t\t\t<span class=\"proradio-txtfx proradio-txtfx--oslo\" data-qtwaypoints-offset=\"50\" data-qtwaypoints >\n\t\t\t\t\t\t\t\t<span>R<\/span><span>\u00e8<\/span><span>g<\/span><span>l<\/span><span>e<\/span><span>m<\/span><span>e<\/span><span>n<\/span><span>t<\/span><span> <\/span><span>d<\/span><span>e<\/span><span>s<\/span><span> <\/span><span>j<\/span><span>e<\/span><span>u<\/span><span>x<\/span>\t\t\t\t\t\t\t<\/span>\n\t\t\t\t\t\t\t\t\t\t\t<\/h2>\n\t\t\t\t\t\t<\/div>\n\t\t\t\t<div data-proradio-customstyles=\".proradio-proradiotabsdcabedb-rglementdesjeux .proradio-txtfx--oslo span  { color: #999999}\n\t\t\t\t\t\t\t.proradio-proradiotabsdcabedb-rglementdesjeux .proradio-txtfx--oslo.proradio-active span  { color: #999999}\n\t\t\t\t\t\t\t.proradio-proradiotabsdcabedb-rglementdesjeux .proradio-txtfx--oslo::before { border-color: #FF0056}\"><\/div>\n\t\t\t\t\t\t<\/div>\n\t\t\t\t<\/div>\n\t\t\t\t<div class=\"elementor-element elementor-element-d139d41 elementor-widget elementor-widget-text-editor\" data-id=\"d139d41\" data-element_type=\"widget\" data-e-type=\"widget\" data-widget_type=\"text-editor.default\">\n\t\t\t\t<div class=\"elementor-widget-container\">\n\t\t\t\t\t\t\t\t\t<h3>Heureux Millions \u00ab\u00a0On partage la moiti\u00e9 de nos gains\u00a0\u00bb<\/h3><p>Jeu historique de la radio, r\u00e9guli\u00e8rement nous achetons un billet d&rsquo;Euromillions, et nous partageons la moiti\u00e9 de nos gains avec les participants.<\/p><h4>Pour participer :<\/h4><p>Ecoutez la radio ou suivez-nous sur Facebook ou Instagram.<\/p><p>Lisez bien les modalit\u00e9s de participation.\u00a0<\/p><h4>Paiements des gains :<\/h4><p>Pour les petits gains, vous avez la possibilit\u00e9 de retirer votre part aupr\u00e8s de LA16 ou d&rsquo;un partenaire du jeu.<\/p><p>Nous avons une chance sur plusieurs millions de gagner le gros lot. Si c&rsquo;\u00e9tait le cas, l&rsquo;association LA16 et ses partenaires au jeu, s&rsquo;engagent \u00e0 partager la moiti\u00e9 des gains, entre les participants au jeu.<\/p><p>Pour les gains sup\u00e9rieurs \u00e0 100\u20ac par participants, le paiement se fera uniquement par virement bancaire.\u00a0<\/p><h4>Exemple : Gain de 100 M\u20ac<\/h4><ul><li>45 participants au jeux<\/li><li>50 M\u20ac pour LA16 et l&rsquo;\u00e9ventuel partenaire du jeu.<\/li><li>50 M\u20ac \u00e0 diviser entre les 45 participants soit 1,11 M\u20ac chacun.<\/li><\/ul><h4>Limites de participation :<\/h4><p>Vous pouvez participer une seule\u00a0 et unique fois (M\u00eame personne moral ou physique) par tirage. Si vous jouez\u00a0 sur plusieurs r\u00e9seaux sociaux, une seule participation sera compt\u00e9e.<\/p><h4>Litiges :<\/h4><p>En cas de litige, vous pouvez saisir la juridiction de votre choix.<\/p><h4>Responsable l\u00e9gal :<\/h4><p>En sa qualit\u00e9 de Pr\u00e9sident de l&rsquo;Association, Basile DUBON est le responsable l\u00e9gal de ce jeu. Il est \u00e9galement le garant du bon d\u00e9roulement du jeu.<\/p><h4>Triches :<\/h4><ul><li>En cas de triche (Multi compte) votre participation est annul\u00e9e.<\/li><li>Vous ne pourrez plus jouer pendant 18 mois.<\/li><li>Vos acc\u00e8s \u00e0 nos r\u00e9seaux sociaux seront bloqu\u00e9s.<\/li><li>A l&rsquo;issue de cette p\u00e9riode, vous devrez demander le d\u00e9blocage de nos r\u00e9seaux sociaux.<\/li><\/ul>\t\t\t\t\t\t\t\t<\/div>\n\t\t\t\t<\/div>\n\t\t\t\t\t<\/div>\n\t\t<\/div>\n\t\t\t\t\t<\/div>\n\t\t<\/section>\n\t\t\t\t<\/div>\n\t\t<\/div>","protected":false},"excerpt":{"rendered":"<p>R\u00e8glement des jeux Heureux Millions \u00ab\u00a0On partage la moiti\u00e9 de nos gains\u00a0\u00bb Jeu historique de la radio, r\u00e9guli\u00e8rement nous achetons un billet d&rsquo;Euromillions, et nous partageons la moiti\u00e9 de nos gains avec les participants. Pour participer : Ecoutez la radio ou suivez-nous sur Facebook ou Instagram. Lisez bien les modalit\u00e9s ...<\/p>\n","protected":false},"author":1,"featured_media":0,"parent":0,"menu_order":0,"comment_status":"closed","ping_status":"closed","template":"","meta":{"footnotes":""},"class_list":["post-10486","page","type-page","status-publish","hentry"],"yoast_head":"<!-- This site is optimized with the Yoast SEO plugin v27.3 - https:\/\/yoast.com\/product\/yoast-seo-wordpress\/ -->\n<title>R\u00e8glements des jeux | LA16.fr en Charente<\/title>\n<meta name=\"robots\" content=\"index, follow, max-snippet:-1, max-image-preview:large, max-video-preview:-1\" \/>\n<link rel=\"canonical\" href=\"https:\/\/www.la16.fr\/fr\/reglements-des-jeux\/\" \/>\n<meta property=\"og:locale\" content=\"fr_FR\" \/>\n<meta property=\"og:type\" content=\"article\" \/>\n<meta property=\"og:title\" content=\"R\u00e8glements des jeux | LA16.fr en Charente\" \/>\n<meta property=\"og:description\" content=\"R\u00e8glement des jeux Heureux Millions \u00ab\u00a0On partage la moiti\u00e9 de nos gains\u00a0\u00bb Jeu historique de la radio, r\u00e9guli\u00e8rement nous achetons un billet d&rsquo;Euromillions, et nous partageons la moiti\u00e9 de nos gains avec les participants. Pour participer : Ecoutez la radio ou suivez-nous sur Facebook ou Instagram. Lisez bien les modalit\u00e9s [...]\" \/>\n<meta property=\"og:url\" content=\"https:\/\/www.la16.fr\/fr\/reglements-des-jeux\/\" \/>\n<meta property=\"og:site_name\" content=\"LA16.fr en Charente\" \/>\n<meta property=\"article:publisher\" content=\"https:\/\/www.facebook.com\/LA16fr\" \/>\n<meta property=\"article:modified_time\" content=\"2022-06-17T21:38:17+00:00\" \/>\n<meta name=\"twitter:card\" content=\"summary_large_image\" \/>\n<meta name=\"twitter:site\" content=\"@La16Fr\" \/>\n<meta name=\"twitter:label1\" content=\"Dur\u00e9e de lecture estim\u00e9e\" \/>\n\t<meta name=\"twitter:data1\" content=\"2 minutes\" \/>\n<script type=\"application\/ld+json\" class=\"yoast-schema-graph\">{\"@context\":\"https:\\\/\\\/schema.org\",\"@graph\":[{\"@type\":\"WebPage\",\"@id\":\"https:\\\/\\\/www.la16.fr\\\/fr\\\/reglements-des-jeux\\\/\",\"url\":\"https:\\\/\\\/www.la16.fr\\\/fr\\\/reglements-des-jeux\\\/\",\"name\":\"R\u00e8glements des jeux | LA16.fr en Charente\",\"isPartOf\":{\"@id\":\"https:\\\/\\\/www.la16.fr\\\/fr\\\/#website\"},\"datePublished\":\"2022-06-17T06:10:37+00:00\",\"dateModified\":\"2022-06-17T21:38:17+00:00\",\"breadcrumb\":{\"@id\":\"https:\\\/\\\/www.la16.fr\\\/fr\\\/reglements-des-jeux\\\/#breadcrumb\"},\"inLanguage\":\"fr-FR\",\"potentialAction\":[{\"@type\":\"ReadAction\",\"target\":[\"https:\\\/\\\/www.la16.fr\\\/fr\\\/reglements-des-jeux\\\/\"]}]},{\"@type\":\"BreadcrumbList\",\"@id\":\"https:\\\/\\\/www.la16.fr\\\/fr\\\/reglements-des-jeux\\\/#breadcrumb\",\"itemListElement\":[{\"@type\":\"ListItem\",\"position\":1,\"name\":\"Accueil\",\"item\":\"https:\\\/\\\/www.la16.fr\\\/fr\\\/\"},{\"@type\":\"ListItem\",\"position\":2,\"name\":\"R\u00e8glements des jeux\"}]},{\"@type\":\"WebSite\",\"@id\":\"https:\\\/\\\/www.la16.fr\\\/fr\\\/#website\",\"url\":\"https:\\\/\\\/www.la16.fr\\\/fr\\\/\",\"name\":\"LA16.fr en Charente\",\"description\":\"\",\"publisher\":{\"@id\":\"https:\\\/\\\/www.la16.fr\\\/fr\\\/#organization\"},\"potentialAction\":[{\"@type\":\"SearchAction\",\"target\":{\"@type\":\"EntryPoint\",\"urlTemplate\":\"https:\\\/\\\/www.la16.fr\\\/fr\\\/?s={search_term_string}\"},\"query-input\":{\"@type\":\"PropertyValueSpecification\",\"valueRequired\":true,\"valueName\":\"search_term_string\"}}],\"inLanguage\":\"fr-FR\"},{\"@type\":\"Organization\",\"@id\":\"https:\\\/\\\/www.la16.fr\\\/fr\\\/#organization\",\"name\":\"LA16\",\"url\":\"https:\\\/\\\/www.la16.fr\\\/fr\\\/\",\"logo\":{\"@type\":\"ImageObject\",\"inLanguage\":\"fr-FR\",\"@id\":\"https:\\\/\\\/www.la16.fr\\\/fr\\\/#\\\/schema\\\/logo\\\/image\\\/\",\"url\":\"https:\\\/\\\/www.la16.fr\\\/fr\\\/wp-content\\\/uploads\\\/2021\\\/08\\\/logo-2019-vectoriel-ok.png\",\"contentUrl\":\"https:\\\/\\\/www.la16.fr\\\/fr\\\/wp-content\\\/uploads\\\/2021\\\/08\\\/logo-2019-vectoriel-ok.png\",\"width\":500,\"height\":500,\"caption\":\"LA16\"},\"image\":{\"@id\":\"https:\\\/\\\/www.la16.fr\\\/fr\\\/#\\\/schema\\\/logo\\\/image\\\/\"},\"sameAs\":[\"https:\\\/\\\/www.facebook.com\\\/LA16fr\",\"https:\\\/\\\/x.com\\\/La16Fr\",\"https:\\\/\\\/www.instagram.com\\\/la16fr\\\/\",\"https:\\\/\\\/www.youtube.com\\\/channel\\\/UCdWiToB8k03CX56jPTUr07A\"]}]}<\/script>\n<!-- \/ Yoast SEO plugin. -->","yoast_head_json":{"title":"R\u00e8glements des jeux | LA16.fr en Charente","robots":{"index":"index","follow":"follow","max-snippet":"max-snippet:-1","max-image-preview":"max-image-preview:large","max-video-preview":"max-video-preview:-1"},"canonical":"https:\/\/www.la16.fr\/fr\/reglements-des-jeux\/","og_locale":"fr_FR","og_type":"article","og_title":"R\u00e8glements des jeux | LA16.fr en Charente","og_description":"R\u00e8glement des jeux Heureux Millions \u00ab\u00a0On partage la moiti\u00e9 de nos gains\u00a0\u00bb Jeu historique de la radio, r\u00e9guli\u00e8rement nous achetons un billet d&rsquo;Euromillions, et nous partageons la moiti\u00e9 de nos gains avec les participants. Pour participer : Ecoutez la radio ou suivez-nous sur Facebook ou Instagram. Lisez bien les modalit\u00e9s [...]","og_url":"https:\/\/www.la16.fr\/fr\/reglements-des-jeux\/","og_site_name":"LA16.fr en Charente","article_publisher":"https:\/\/www.facebook.com\/LA16fr","article_modified_time":"2022-06-17T21:38:17+00:00","twitter_card":"summary_large_image","twitter_site":"@La16Fr","twitter_misc":{"Dur\u00e9e de lecture estim\u00e9e":"2 minutes"},"schema":{"@context":"https:\/\/schema.org","@graph":[{"@type":"WebPage","@id":"https:\/\/www.la16.fr\/fr\/reglements-des-jeux\/","url":"https:\/\/www.la16.fr\/fr\/reglements-des-jeux\/","name":"R\u00e8glements des jeux | LA16.fr en Charente","isPartOf":{"@id":"https:\/\/www.la16.fr\/fr\/#website"},"datePublished":"2022-06-17T06:10:37+00:00","dateModified":"2022-06-17T21:38:17+00:00","breadcrumb":{"@id":"https:\/\/www.la16.fr\/fr\/reglements-des-jeux\/#breadcrumb"},"inLanguage":"fr-FR","potentialAction":[{"@type":"ReadAction","target":["https:\/\/www.la16.fr\/fr\/reglements-des-jeux\/"]}]},{"@type":"BreadcrumbList","@id":"https:\/\/www.la16.fr\/fr\/reglements-des-jeux\/#breadcrumb","itemListElement":[{"@type":"ListItem","position":1,"name":"Accueil","item":"https:\/\/www.la16.fr\/fr\/"},{"@type":"ListItem","position":2,"name":"R\u00e8glements des jeux"}]},{"@type":"WebSite","@id":"https:\/\/www.la16.fr\/fr\/#website","url":"https:\/\/www.la16.fr\/fr\/","name":"LA16.fr en Charente","description":"","publisher":{"@id":"https:\/\/www.la16.fr\/fr\/#organization"},"potentialAction":[{"@type":"SearchAction","target":{"@type":"EntryPoint","urlTemplate":"https:\/\/www.la16.fr\/fr\/?s={search_term_string}"},"query-input":{"@type":"PropertyValueSpecification","valueRequired":true,"valueName":"search_term_string"}}],"inLanguage":"fr-FR"},{"@type":"Organization","@id":"https:\/\/www.la16.fr\/fr\/#organization","name":"LA16","url":"https:\/\/www.la16.fr\/fr\/","logo":{"@type":"ImageObject","inLanguage":"fr-FR","@id":"https:\/\/www.la16.fr\/fr\/#\/schema\/logo\/image\/","url":"https:\/\/www.la16.fr\/fr\/wp-content\/uploads\/2021\/08\/logo-2019-vectoriel-ok.png","contentUrl":"https:\/\/www.la16.fr\/fr\/wp-content\/uploads\/2021\/08\/logo-2019-vectoriel-ok.png","width":500,"height":500,"caption":"LA16"},"image":{"@id":"https:\/\/www.la16.fr\/fr\/#\/schema\/logo\/image\/"},"sameAs":["https:\/\/www.facebook.com\/LA16fr","https:\/\/x.com\/La16Fr","https:\/\/www.instagram.com\/la16fr\/","https:\/\/www.youtube.com\/channel\/UCdWiToB8k03CX56jPTUr07A"]}]}},"_links":{"self":[{"href":"https:\/\/www.la16.fr\/fr\/wp-json\/wp\/v2\/pages\/10486","targetHints":{"allow":["GET"]}}],"collection":[{"href":"https:\/\/www.la16.fr\/fr\/wp-json\/wp\/v2\/pages"}],"about":[{"href":"https:\/\/www.la16.fr\/fr\/wp-json\/wp\/v2\/types\/page"}],"author":[{"embeddable":true,"href":"https:\/\/www.la16.fr\/fr\/wp-json\/wp\/v2\/users\/1"}],"replies":[{"embeddable":true,"href":"https:\/\/www.la16.fr\/fr\/wp-json\/wp\/v2\/comments?post=10486"}],"version-history":[{"count":0,"href":"https:\/\/www.la16.fr\/fr\/wp-json\/wp\/v2\/pages\/10486\/revisions"}],"wp:attachment":[{"href":"https:\/\/www.la16.fr\/fr\/wp-json\/wp\/v2\/media?parent=10486"}],"curies":[{"name":"wp","href":"https:\/\/api.w.org\/{rel}","templated":true}]}}