{"id":12130,"date":"2022-10-22T11:12:41","date_gmt":"2022-10-22T09:12:41","guid":{"rendered":"https:\/\/www.la16.fr\/fr\/?page_id=12130"},"modified":"2023-01-06T21:04:58","modified_gmt":"2023-01-06T20:04:58","slug":"reservation-stand-voice-discover-16","status":"publish","type":"page","link":"https:\/\/www.la16.fr\/fr\/voice-discover-16\/reservation-stand-voice-discover-16\/","title":{"rendered":"R\u00e9servation Stand Voice Discover 16"},"content":{"rendered":"<div id=\"modal-ready\">\t\t<div data-elementor-type=\"wp-page\" data-elementor-id=\"12130\" class=\"elementor elementor-12130\" data-elementor-post-type=\"page\">\n\t\t\t\t\t\t<section class=\"elementor-section elementor-top-section elementor-element elementor-element-4ad4bf0c elementor-section-stretched elementor-section-boxed elementor-section-height-default elementor-section-height-default\" data-id=\"4ad4bf0c\" data-element_type=\"section\" data-e-type=\"section\" data-settings=\"{&quot;stretch_section&quot;:&quot;section-stretched&quot;}\">\n\t\t\t\t\t\t<div class=\"elementor-container elementor-column-gap-default\">\n\t\t\t\t\t<div class=\"elementor-column elementor-col-100 elementor-top-column elementor-element elementor-element-534a8dd0\" data-id=\"534a8dd0\" data-element_type=\"column\" data-e-type=\"column\">\n\t\t\t<div class=\"elementor-widget-wrap elementor-element-populated\">\n\t\t\t\t\t\t<div class=\"elementor-element elementor-element-cd57596 elementor-widget elementor-widget-image\" data-id=\"cd57596\" data-element_type=\"widget\" data-e-type=\"widget\" data-widget_type=\"image.default\">\n\t\t\t\t<div class=\"elementor-widget-container\">\n\t\t\t\t\t\t\t\t\t\t\t\t\t\t\t\t<a href=\"https:\/\/www.la16.fr\/fr\/voice-discover-16\/\">\n\t\t\t\t\t\t\t<img decoding=\"async\" src=\"https:\/\/www.la16.fr\/fr\/wp-content\/uploads\/elementor\/thumbs\/vd16-bandeau-qkjkem7fo2h2x6abtigd5a89dzaw9bqqj334w19f3s.png\" title=\"vd16-bandeau\" alt=\"vd16-bandeau\" loading=\"lazy\" \/>\t\t\t\t\t\t\t\t<\/a>\n\t\t\t\t\t\t\t\t\t\t\t\t\t\t\t<\/div>\n\t\t\t\t<\/div>\n\t\t\t\t<div class=\"elementor-element elementor-element-3b5499c elementor-widget elementor-widget-proradio-elementor-qt-caption\" data-id=\"3b5499c\" data-element_type=\"widget\" data-e-type=\"widget\" data-widget_type=\"proradio-elementor-qt-caption.default\">\n\t\t\t\t<div class=\"elementor-widget-container\">\n\t\t\t\t\t\t\t<div>\n\t\t\t<h3  class=\"proradio-element-caption proradio-caption  proradio-caption__xl center proradio-center proradio-caption__c proradio-anim  \" data-qtwaypoints-offset=\"30\" data-qtwaypoints>\t\t\t\t<span>R\u00e9servation d&#039;un stand<\/span>\n\t\t\t\t<\/h3>\t\t<\/div>\n\t\t\t\t\t\t<\/div>\n\t\t\t\t<\/div>\n\t\t\t\t<div class=\"elementor-element elementor-element-6972d045 elementor-widget elementor-widget-text-editor\" data-id=\"6972d045\" data-element_type=\"widget\" data-e-type=\"widget\" data-widget_type=\"text-editor.default\">\n\t\t\t\t<div class=\"elementor-widget-container\">\n\t\t\t\t\t\t\t\t\t<p><img decoding=\"async\" class=\"size-medium wp-image-12156 alignleft\" src=\"https:\/\/www.la16.fr\/fr\/wp-content\/uploads\/2022\/10\/stand-tab-400x300.jpg\" alt=\"\" width=\"400\" height=\"300\" srcset=\"https:\/\/www.la16.fr\/fr\/wp-content\/uploads\/2022\/10\/stand-tab-400x300.jpg 400w, https:\/\/www.la16.fr\/fr\/wp-content\/uploads\/2022\/10\/stand-tab-1200x900.jpg 1200w, https:\/\/www.la16.fr\/fr\/wp-content\/uploads\/2022\/10\/stand-tab-768x576.jpg 768w, https:\/\/www.la16.fr\/fr\/wp-content\/uploads\/2022\/10\/stand-tab-1536x1152.jpg 1536w, https:\/\/www.la16.fr\/fr\/wp-content\/uploads\/2022\/10\/stand-tab-2048x1536.jpg 2048w\" sizes=\"(max-width: 400px) 100vw, 400px\" \/>Nous proposons aux entreprises, \u00e9coles,\u00a0 associations culturelles et sportives (musique, danse, chant, sport), la location d&#8217;emplacements pour y installer leurs stands dans le but de faire conna\u00eetre leurs activit\u00e9s .<\/p><p>Vous aurez l&rsquo;occasion de faire des d\u00e9monstrations de votre activit\u00e9 sur votre stand, et \u00e9ventuellement sur sc\u00e8ne ou devant la sc\u00e8ne avant le concert .<\/p><p>L&#8217;emplacement est payant et le montant est libre, \u00e0 votre appr\u00e9ciation. Cela nous permettra de financer une partie du projet. Une caution de 30 \u20ac non encaiss\u00e9e vous est demand\u00e9 pour bloquer votre emplacement. Sous r\u00e9serve d&rsquo;acceptation de la production.<\/p><p>Si vous \u00eates int\u00e9ress\u00e9 vous pouvez contacter Delphine par mail : <a href=\"mailto:delphine@la16.fr\">delphine@la16.fr<\/a> ou par t\u00e9l\u00e9phone : 0650010439 ou en remplissant le formulaire ci-dessous.\u00a0 Vous pouvez \u00e9galement <a href=\"https:\/\/www.la16.fr\/fr\/wp-content\/uploads\/2021\/11\/reservation-emplacement-stand-exposant.pdf\">t\u00e9l\u00e9charger le bon de r\u00e9servation en PDF<\/a>.<\/p><p><a href=\"https:\/\/www.la16.fr\/fr\/voice-discover-16\/reglements-du-voice-discover-16\/\">Consultez les conditions de r\u00e9servation d&rsquo;un stand<\/a>.<\/p><h3>Plan du site :<\/h3><p><img decoding=\"async\" class=\"alignnone wp-image-12781 size-full\" src=\"https:\/\/www.la16.fr\/fr\/wp-content\/uploads\/2021\/11\/PLAN-V2.jpg\" alt=\"\" width=\"1418\" height=\"679\" srcset=\"https:\/\/www.la16.fr\/fr\/wp-content\/uploads\/2021\/11\/PLAN-V2.jpg 1418w, https:\/\/www.la16.fr\/fr\/wp-content\/uploads\/2021\/11\/PLAN-V2-400x192.jpg 400w, https:\/\/www.la16.fr\/fr\/wp-content\/uploads\/2021\/11\/PLAN-V2-1200x575.jpg 1200w, https:\/\/www.la16.fr\/fr\/wp-content\/uploads\/2021\/11\/PLAN-V2-768x368.jpg 768w\" sizes=\"(max-width: 1418px) 100vw, 1418px\" \/><\/p><p>[contact-form-7 id=\u00a0\u00bb12132&Prime; title=\u00a0\u00bbStand Voice Discover 16&Prime;]<\/p><p><a href=\"https:\/\/www.la16.fr\/fr\/voice-discover-16\/reglements-du-voice-discover-16\/\">Consultez les conditions de r\u00e9servation d&rsquo;un stand<\/a>.<\/p>\t\t\t\t\t\t\t\t<\/div>\n\t\t\t\t<\/div>\n\t\t\t\t\t<\/div>\n\t\t<\/div>\n\t\t\t\t\t<\/div>\n\t\t<\/section>\n\t\t\t\t<\/div>\n\t\t<\/div>","protected":false},"excerpt":{"rendered":"<p>R\u00e9servation d&rsquo;un stand Nous proposons aux entreprises, \u00e9coles,\u00a0 associations culturelles et sportives (musique, danse, chant, sport), la location d&#8217;emplacements pour y installer leurs stands dans le but de faire conna\u00eetre leurs activit\u00e9s . Vous aurez l&rsquo;occasion de faire des d\u00e9monstrations de votre activit\u00e9 sur votre stand, et \u00e9ventuellement sur sc\u00e8ne ...<\/p>\n","protected":false},"author":1,"featured_media":12339,"parent":12105,"menu_order":0,"comment_status":"closed","ping_status":"closed","template":"","meta":{"footnotes":""},"class_list":["post-12130","page","type-page","status-publish","has-post-thumbnail","hentry"],"yoast_head":"<!-- This site is optimized with the Yoast SEO plugin v27.6 - https:\/\/yoast.com\/product\/yoast-seo-wordpress\/ -->\n<title>R\u00e9servation Stand Voice Discover 16 | LA16.fr en Charente<\/title>\n<meta name=\"description\" content=\"R\u00e9server en ligne votre stand partenaire de l&#039;\u00e9v\u00e9nement. Ouvert aux entreprises et associations de Charente et \u00e0 proximit\u00e9 de Montbron.\" \/>\n<meta name=\"robots\" content=\"index, follow, max-snippet:-1, max-image-preview:large, max-video-preview:-1\" \/>\n<link rel=\"canonical\" href=\"https:\/\/www.la16.fr\/fr\/voice-discover-16\/reservation-stand-voice-discover-16\/\" \/>\n<meta property=\"og:locale\" content=\"fr_FR\" \/>\n<meta property=\"og:type\" content=\"article\" \/>\n<meta property=\"og:title\" content=\"R\u00e9servation Stand Voice Discover 16 | LA16.fr en Charente\" \/>\n<meta property=\"og:description\" content=\"R\u00e9server en ligne votre stand partenaire de l&#039;\u00e9v\u00e9nement. Ouvert aux entreprises et associations de Charente et \u00e0 proximit\u00e9 de Montbron.\" \/>\n<meta property=\"og:url\" content=\"https:\/\/www.la16.fr\/fr\/voice-discover-16\/reservation-stand-voice-discover-16\/\" \/>\n<meta property=\"og:site_name\" content=\"LA16.fr en Charente\" \/>\n<meta property=\"article:publisher\" content=\"https:\/\/www.facebook.com\/LA16fr\" \/>\n<meta property=\"article:modified_time\" content=\"2023-01-06T20:04:58+00:00\" \/>\n<meta property=\"og:image\" content=\"https:\/\/www.la16.fr\/fr\/wp-content\/uploads\/2021\/11\/vd16-logo-1200x1200.png\" \/>\n\t<meta property=\"og:image:width\" content=\"1200\" \/>\n\t<meta property=\"og:image:height\" content=\"1200\" \/>\n\t<meta property=\"og:image:type\" content=\"image\/png\" \/>\n<meta name=\"twitter:card\" content=\"summary_large_image\" \/>\n<meta name=\"twitter:site\" content=\"@La16Fr\" \/>\n<meta name=\"twitter:label1\" content=\"Dur\u00e9e de lecture estim\u00e9e\" \/>\n\t<meta name=\"twitter:data1\" content=\"1 minute\" \/>\n<script type=\"application\/ld+json\" class=\"yoast-schema-graph\">{\"@context\":\"https:\\\/\\\/schema.org\",\"@graph\":[{\"@type\":\"WebPage\",\"@id\":\"https:\\\/\\\/www.la16.fr\\\/fr\\\/voice-discover-16\\\/reservation-stand-voice-discover-16\\\/\",\"url\":\"https:\\\/\\\/www.la16.fr\\\/fr\\\/voice-discover-16\\\/reservation-stand-voice-discover-16\\\/\",\"name\":\"R\u00e9servation Stand Voice Discover 16 | LA16.fr en Charente\",\"isPartOf\":{\"@id\":\"https:\\\/\\\/www.la16.fr\\\/fr\\\/#website\"},\"primaryImageOfPage\":{\"@id\":\"https:\\\/\\\/www.la16.fr\\\/fr\\\/voice-discover-16\\\/reservation-stand-voice-discover-16\\\/#primaryimage\"},\"image\":{\"@id\":\"https:\\\/\\\/www.la16.fr\\\/fr\\\/voice-discover-16\\\/reservation-stand-voice-discover-16\\\/#primaryimage\"},\"thumbnailUrl\":\"https:\\\/\\\/www.la16.fr\\\/fr\\\/wp-content\\\/uploads\\\/2021\\\/11\\\/vd16-logo.png\",\"datePublished\":\"2022-10-22T09:12:41+00:00\",\"dateModified\":\"2023-01-06T20:04:58+00:00\",\"description\":\"R\u00e9server en ligne votre stand partenaire de l'\u00e9v\u00e9nement. Ouvert aux entreprises et associations de Charente et \u00e0 proximit\u00e9 de Montbron.\",\"breadcrumb\":{\"@id\":\"https:\\\/\\\/www.la16.fr\\\/fr\\\/voice-discover-16\\\/reservation-stand-voice-discover-16\\\/#breadcrumb\"},\"inLanguage\":\"fr-FR\",\"potentialAction\":[{\"@type\":\"ReadAction\",\"target\":[\"https:\\\/\\\/www.la16.fr\\\/fr\\\/voice-discover-16\\\/reservation-stand-voice-discover-16\\\/\"]}]},{\"@type\":\"ImageObject\",\"inLanguage\":\"fr-FR\",\"@id\":\"https:\\\/\\\/www.la16.fr\\\/fr\\\/voice-discover-16\\\/reservation-stand-voice-discover-16\\\/#primaryimage\",\"url\":\"https:\\\/\\\/www.la16.fr\\\/fr\\\/wp-content\\\/uploads\\\/2021\\\/11\\\/vd16-logo.png\",\"contentUrl\":\"https:\\\/\\\/www.la16.fr\\\/fr\\\/wp-content\\\/uploads\\\/2021\\\/11\\\/vd16-logo.png\",\"width\":2000,\"height\":2000},{\"@type\":\"BreadcrumbList\",\"@id\":\"https:\\\/\\\/www.la16.fr\\\/fr\\\/voice-discover-16\\\/reservation-stand-voice-discover-16\\\/#breadcrumb\",\"itemListElement\":[{\"@type\":\"ListItem\",\"position\":1,\"name\":\"Accueil\",\"item\":\"https:\\\/\\\/www.la16.fr\\\/fr\\\/\"},{\"@type\":\"ListItem\",\"position\":2,\"name\":\"Voice Discover 16\",\"item\":\"https:\\\/\\\/www.la16.fr\\\/fr\\\/voice-discover-16\\\/\"},{\"@type\":\"ListItem\",\"position\":3,\"name\":\"R\u00e9servation Stand Voice Discover 16\"}]},{\"@type\":\"WebSite\",\"@id\":\"https:\\\/\\\/www.la16.fr\\\/fr\\\/#website\",\"url\":\"https:\\\/\\\/www.la16.fr\\\/fr\\\/\",\"name\":\"LA16.fr en Charente\",\"description\":\"\",\"publisher\":{\"@id\":\"https:\\\/\\\/www.la16.fr\\\/fr\\\/#organization\"},\"potentialAction\":[{\"@type\":\"SearchAction\",\"target\":{\"@type\":\"EntryPoint\",\"urlTemplate\":\"https:\\\/\\\/www.la16.fr\\\/fr\\\/?s={search_term_string}\"},\"query-input\":{\"@type\":\"PropertyValueSpecification\",\"valueRequired\":true,\"valueName\":\"search_term_string\"}}],\"inLanguage\":\"fr-FR\"},{\"@type\":\"Organization\",\"@id\":\"https:\\\/\\\/www.la16.fr\\\/fr\\\/#organization\",\"name\":\"LA16\",\"url\":\"https:\\\/\\\/www.la16.fr\\\/fr\\\/\",\"logo\":{\"@type\":\"ImageObject\",\"inLanguage\":\"fr-FR\",\"@id\":\"https:\\\/\\\/www.la16.fr\\\/fr\\\/#\\\/schema\\\/logo\\\/image\\\/\",\"url\":\"https:\\\/\\\/www.la16.fr\\\/fr\\\/wp-content\\\/uploads\\\/2021\\\/08\\\/logo-2019-vectoriel-ok.png\",\"contentUrl\":\"https:\\\/\\\/www.la16.fr\\\/fr\\\/wp-content\\\/uploads\\\/2021\\\/08\\\/logo-2019-vectoriel-ok.png\",\"width\":500,\"height\":500,\"caption\":\"LA16\"},\"image\":{\"@id\":\"https:\\\/\\\/www.la16.fr\\\/fr\\\/#\\\/schema\\\/logo\\\/image\\\/\"},\"sameAs\":[\"https:\\\/\\\/www.facebook.com\\\/LA16fr\",\"https:\\\/\\\/x.com\\\/La16Fr\",\"https:\\\/\\\/www.instagram.com\\\/la16fr\\\/\",\"https:\\\/\\\/www.youtube.com\\\/channel\\\/UCdWiToB8k03CX56jPTUr07A\"]}]}<\/script>\n<!-- \/ Yoast SEO plugin. -->","yoast_head_json":{"title":"R\u00e9servation Stand Voice Discover 16 | LA16.fr en Charente","description":"R\u00e9server en ligne votre stand partenaire de l'\u00e9v\u00e9nement. Ouvert aux entreprises et associations de Charente et \u00e0 proximit\u00e9 de Montbron.","robots":{"index":"index","follow":"follow","max-snippet":"max-snippet:-1","max-image-preview":"max-image-preview:large","max-video-preview":"max-video-preview:-1"},"canonical":"https:\/\/www.la16.fr\/fr\/voice-discover-16\/reservation-stand-voice-discover-16\/","og_locale":"fr_FR","og_type":"article","og_title":"R\u00e9servation Stand Voice Discover 16 | LA16.fr en Charente","og_description":"R\u00e9server en ligne votre stand partenaire de l'\u00e9v\u00e9nement. Ouvert aux entreprises et associations de Charente et \u00e0 proximit\u00e9 de Montbron.","og_url":"https:\/\/www.la16.fr\/fr\/voice-discover-16\/reservation-stand-voice-discover-16\/","og_site_name":"LA16.fr en Charente","article_publisher":"https:\/\/www.facebook.com\/LA16fr","article_modified_time":"2023-01-06T20:04:58+00:00","og_image":[{"width":1200,"height":1200,"url":"https:\/\/www.la16.fr\/fr\/wp-content\/uploads\/2021\/11\/vd16-logo-1200x1200.png","type":"image\/png"}],"twitter_card":"summary_large_image","twitter_site":"@La16Fr","twitter_misc":{"Dur\u00e9e de lecture estim\u00e9e":"1 minute"},"schema":{"@context":"https:\/\/schema.org","@graph":[{"@type":"WebPage","@id":"https:\/\/www.la16.fr\/fr\/voice-discover-16\/reservation-stand-voice-discover-16\/","url":"https:\/\/www.la16.fr\/fr\/voice-discover-16\/reservation-stand-voice-discover-16\/","name":"R\u00e9servation Stand Voice Discover 16 | LA16.fr en Charente","isPartOf":{"@id":"https:\/\/www.la16.fr\/fr\/#website"},"primaryImageOfPage":{"@id":"https:\/\/www.la16.fr\/fr\/voice-discover-16\/reservation-stand-voice-discover-16\/#primaryimage"},"image":{"@id":"https:\/\/www.la16.fr\/fr\/voice-discover-16\/reservation-stand-voice-discover-16\/#primaryimage"},"thumbnailUrl":"https:\/\/www.la16.fr\/fr\/wp-content\/uploads\/2021\/11\/vd16-logo.png","datePublished":"2022-10-22T09:12:41+00:00","dateModified":"2023-01-06T20:04:58+00:00","description":"R\u00e9server en ligne votre stand partenaire de l'\u00e9v\u00e9nement. Ouvert aux entreprises et associations de Charente et \u00e0 proximit\u00e9 de Montbron.","breadcrumb":{"@id":"https:\/\/www.la16.fr\/fr\/voice-discover-16\/reservation-stand-voice-discover-16\/#breadcrumb"},"inLanguage":"fr-FR","potentialAction":[{"@type":"ReadAction","target":["https:\/\/www.la16.fr\/fr\/voice-discover-16\/reservation-stand-voice-discover-16\/"]}]},{"@type":"ImageObject","inLanguage":"fr-FR","@id":"https:\/\/www.la16.fr\/fr\/voice-discover-16\/reservation-stand-voice-discover-16\/#primaryimage","url":"https:\/\/www.la16.fr\/fr\/wp-content\/uploads\/2021\/11\/vd16-logo.png","contentUrl":"https:\/\/www.la16.fr\/fr\/wp-content\/uploads\/2021\/11\/vd16-logo.png","width":2000,"height":2000},{"@type":"BreadcrumbList","@id":"https:\/\/www.la16.fr\/fr\/voice-discover-16\/reservation-stand-voice-discover-16\/#breadcrumb","itemListElement":[{"@type":"ListItem","position":1,"name":"Accueil","item":"https:\/\/www.la16.fr\/fr\/"},{"@type":"ListItem","position":2,"name":"Voice Discover 16","item":"https:\/\/www.la16.fr\/fr\/voice-discover-16\/"},{"@type":"ListItem","position":3,"name":"R\u00e9servation Stand Voice Discover 16"}]},{"@type":"WebSite","@id":"https:\/\/www.la16.fr\/fr\/#website","url":"https:\/\/www.la16.fr\/fr\/","name":"LA16.fr en Charente","description":"","publisher":{"@id":"https:\/\/www.la16.fr\/fr\/#organization"},"potentialAction":[{"@type":"SearchAction","target":{"@type":"EntryPoint","urlTemplate":"https:\/\/www.la16.fr\/fr\/?s={search_term_string}"},"query-input":{"@type":"PropertyValueSpecification","valueRequired":true,"valueName":"search_term_string"}}],"inLanguage":"fr-FR"},{"@type":"Organization","@id":"https:\/\/www.la16.fr\/fr\/#organization","name":"LA16","url":"https:\/\/www.la16.fr\/fr\/","logo":{"@type":"ImageObject","inLanguage":"fr-FR","@id":"https:\/\/www.la16.fr\/fr\/#\/schema\/logo\/image\/","url":"https:\/\/www.la16.fr\/fr\/wp-content\/uploads\/2021\/08\/logo-2019-vectoriel-ok.png","contentUrl":"https:\/\/www.la16.fr\/fr\/wp-content\/uploads\/2021\/08\/logo-2019-vectoriel-ok.png","width":500,"height":500,"caption":"LA16"},"image":{"@id":"https:\/\/www.la16.fr\/fr\/#\/schema\/logo\/image\/"},"sameAs":["https:\/\/www.facebook.com\/LA16fr","https:\/\/x.com\/La16Fr","https:\/\/www.instagram.com\/la16fr\/","https:\/\/www.youtube.com\/channel\/UCdWiToB8k03CX56jPTUr07A"]}]}},"_links":{"self":[{"href":"https:\/\/www.la16.fr\/fr\/wp-json\/wp\/v2\/pages\/12130","targetHints":{"allow":["GET"]}}],"collection":[{"href":"https:\/\/www.la16.fr\/fr\/wp-json\/wp\/v2\/pages"}],"about":[{"href":"https:\/\/www.la16.fr\/fr\/wp-json\/wp\/v2\/types\/page"}],"author":[{"embeddable":true,"href":"https:\/\/www.la16.fr\/fr\/wp-json\/wp\/v2\/users\/1"}],"replies":[{"embeddable":true,"href":"https:\/\/www.la16.fr\/fr\/wp-json\/wp\/v2\/comments?post=12130"}],"version-history":[{"count":0,"href":"https:\/\/www.la16.fr\/fr\/wp-json\/wp\/v2\/pages\/12130\/revisions"}],"up":[{"embeddable":true,"href":"https:\/\/www.la16.fr\/fr\/wp-json\/wp\/v2\/pages\/12105"}],"wp:featuredmedia":[{"embeddable":true,"href":"https:\/\/www.la16.fr\/fr\/wp-json\/wp\/v2\/media\/12339"}],"wp:attachment":[{"href":"https:\/\/www.la16.fr\/fr\/wp-json\/wp\/v2\/media?parent=12130"}],"curies":[{"name":"wp","href":"https:\/\/api.w.org\/{rel}","templated":true}]}}