{"id":12141,"date":"2022-10-22T11:19:46","date_gmt":"2022-10-22T09:19:46","guid":{"rendered":"https:\/\/www.la16.fr\/fr\/?page_id=12141"},"modified":"2023-01-17T09:31:16","modified_gmt":"2023-01-17T08:31:16","slug":"casting-voice-discover-16","status":"publish","type":"page","link":"https:\/\/www.la16.fr\/fr\/voice-discover-16\/casting-voice-discover-16\/","title":{"rendered":"Casting Voice Discover 16"},"content":{"rendered":"<div id=\"modal-ready\">\t\t<div data-elementor-type=\"wp-page\" data-elementor-id=\"12141\" class=\"elementor elementor-12141\" data-elementor-post-type=\"page\">\n\t\t\t\t\t\t<section class=\"elementor-section elementor-top-section elementor-element elementor-element-64c50b1 elementor-section-stretched elementor-section-boxed elementor-section-height-default elementor-section-height-default\" data-id=\"64c50b1\" data-element_type=\"section\" data-e-type=\"section\" data-settings=\"{&quot;stretch_section&quot;:&quot;section-stretched&quot;}\">\n\t\t\t\t\t\t<div class=\"elementor-container elementor-column-gap-default\">\n\t\t\t\t\t<div class=\"elementor-column elementor-col-100 elementor-top-column elementor-element elementor-element-9232031\" data-id=\"9232031\" data-element_type=\"column\" data-e-type=\"column\">\n\t\t\t<div class=\"elementor-widget-wrap elementor-element-populated\">\n\t\t\t\t\t\t<div class=\"elementor-element elementor-element-f1bb888 elementor-widget elementor-widget-image\" data-id=\"f1bb888\" data-element_type=\"widget\" data-e-type=\"widget\" data-widget_type=\"image.default\">\n\t\t\t\t<div class=\"elementor-widget-container\">\n\t\t\t\t\t\t\t\t\t\t\t\t\t\t\t\t<a href=\"https:\/\/www.la16.fr\/fr\/voice-discover-16\/\">\n\t\t\t\t\t\t\t<img decoding=\"async\" width=\"1000\" height=\"300\" src=\"https:\/\/www.la16.fr\/fr\/wp-content\/uploads\/2022\/10\/vd16-bandeau.png\" class=\"attachment-full size-full wp-image-12407\" alt=\"\" srcset=\"https:\/\/www.la16.fr\/fr\/wp-content\/uploads\/2022\/10\/vd16-bandeau.png 1000w, https:\/\/www.la16.fr\/fr\/wp-content\/uploads\/2022\/10\/vd16-bandeau-400x120.png 400w, https:\/\/www.la16.fr\/fr\/wp-content\/uploads\/2022\/10\/vd16-bandeau-768x230.png 768w\" sizes=\"(max-width: 1000px) 100vw, 1000px\" \/>\t\t\t\t\t\t\t\t<\/a>\n\t\t\t\t\t\t\t\t\t\t\t\t\t\t\t<\/div>\n\t\t\t\t<\/div>\n\t\t\t\t\t<\/div>\n\t\t<\/div>\n\t\t\t\t\t<\/div>\n\t\t<\/section>\n\t\t\t\t<section class=\"elementor-section elementor-top-section elementor-element elementor-element-0d26a04 elementor-section-stretched elementor-section-boxed elementor-section-height-default elementor-section-height-default\" data-id=\"0d26a04\" data-element_type=\"section\" data-e-type=\"section\" data-settings=\"{&quot;stretch_section&quot;:&quot;section-stretched&quot;}\">\n\t\t\t\t\t\t<div class=\"elementor-container elementor-column-gap-default\">\n\t\t\t\t\t<div class=\"elementor-column elementor-col-100 elementor-top-column elementor-element elementor-element-83c7aeb\" data-id=\"83c7aeb\" data-element_type=\"column\" data-e-type=\"column\">\n\t\t\t<div class=\"elementor-widget-wrap elementor-element-populated\">\n\t\t\t\t\t\t<div class=\"elementor-element elementor-element-481c626 elementor-widget elementor-widget-proradio-elementor-qt-caption\" data-id=\"481c626\" data-element_type=\"widget\" data-e-type=\"widget\" data-widget_type=\"proradio-elementor-qt-caption.default\">\n\t\t\t\t<div class=\"elementor-widget-container\">\n\t\t\t\t\t\t\t<div>\n\t\t\t<h3  class=\"proradio-element-caption proradio-caption  proradio-caption__xl center proradio-center proradio-caption__c proradio-anim  \" data-qtwaypoints-offset=\"30\" data-qtwaypoints>\t\t\t\t<span>Inscription aux pr\u00e9s\u00e9lections du  casting<\/span>\n\t\t\t\t<\/h3>\t\t<\/div>\n\t\t\t\t\t\t<\/div>\n\t\t\t\t<\/div>\n\t\t\t\t<div class=\"elementor-element elementor-element-8421749 elementor-widget elementor-widget-text-editor\" data-id=\"8421749\" data-element_type=\"widget\" data-e-type=\"widget\" data-widget_type=\"text-editor.default\">\n\t\t\t\t<div class=\"elementor-widget-container\">\n\t\t\t\t\t\t\t\t\t<div dir=\"auto\"><p>L\u2019association la16.fr, Charley Dejean Coach Vocal et No\u2019 Mad Custom Leather, organisent un concours de chant, avec en cl\u00f4ture un concert le 7 mai 2023 \u00e0 Montbron.<\/p><p>L&rsquo;artiste <a href=\"https:\/\/www.facebook.com\/Camillechrysalide\" target=\"_blank\" rel=\"noopener\">Camille Chrysalide<\/a> est notre marraine de l&rsquo;\u00e9v\u00e9nement.<\/p><p>Un casting pour participer au concert, se d\u00e9roulera \u00e0 Montbron le 18 f\u00e9vrier 2023. Il est ouvert aux chanteurs et chanteuses non professionnels \u00e0 partir de 16 ans.<\/p><p>Vous aimez chanter, vous r\u00eavez de vous produire sur sc\u00e8ne, inscrivez-vous pour les pr\u00e9s\u00e9lections avant le 10 f\u00e9vrier 2023.<\/p><p>Avant votre inscription merci de v\u00e9rifier vos disponibilit\u00e9s pour les dates et lieux suivants :\u00a0<\/p><\/div><div dir=\"auto\">\u00a0<\/div><ul><li dir=\"auto\">Casting final du 18 f\u00e9vrier 2023. De 10h\u00e0 18h \u00e0 Montbron.<\/li><li dir=\"auto\">Stage de chant le 8 et 9 avril 2023 de 10h \u00e0 18h \u00e0 Montbron.<\/li><li dir=\"auto\">Concert le dimanche 7 mai 2023 de 9h \u00e0 22h \u00e0 Montbron.<\/li><\/ul>\t\t\t\t\t\t\t\t<\/div>\n\t\t\t\t<\/div>\n\t\t\t\t\t<\/div>\n\t\t<\/div>\n\t\t\t\t\t<\/div>\n\t\t<\/section>\n\t\t\t\t<section class=\"elementor-section elementor-top-section elementor-element elementor-element-4758bae elementor-section-boxed elementor-section-height-default elementor-section-height-default\" data-id=\"4758bae\" data-element_type=\"section\" data-e-type=\"section\">\n\t\t\t\t\t\t<div class=\"elementor-container elementor-column-gap-default\">\n\t\t\t\t\t<div class=\"elementor-column elementor-col-100 elementor-top-column elementor-element elementor-element-745bb43\" data-id=\"745bb43\" data-element_type=\"column\" data-e-type=\"column\">\n\t\t\t<div class=\"elementor-widget-wrap elementor-element-populated\">\n\t\t\t\t\t\t<div class=\"elementor-element elementor-element-4da8b2b elementor-widget elementor-widget-text-editor\" data-id=\"4da8b2b\" data-element_type=\"widget\" data-e-type=\"widget\" data-widget_type=\"text-editor.default\">\n\t\t\t\t<div class=\"elementor-widget-container\">\n\t\t\t\t\t\t\t\t\t<p>[contact-form-7 id=\u00a0\u00bb12133&Prime; title=\u00a0\u00bbCasting Voice Discover 16&Prime;]<\/p><p>* Conditions de participation, <a href=\"https:\/\/www.la16.fr\/fr\/voice-discover-16\/reglements-du-voice-discover-16\/\">r\u00e8glement<\/a> du Voice Discover 16<\/p>\t\t\t\t\t\t\t\t<\/div>\n\t\t\t\t<\/div>\n\t\t\t\t\t<\/div>\n\t\t<\/div>\n\t\t\t\t\t<\/div>\n\t\t<\/section>\n\t\t\t\t<\/div>\n\t\t<\/div>","protected":false},"excerpt":{"rendered":"<p>Inscription aux pr\u00e9s\u00e9lections du casting L\u2019association la16.fr, Charley Dejean Coach Vocal et No\u2019 Mad Custom Leather, organisent un concours de chant, avec en cl\u00f4ture un concert le 7 mai 2023 \u00e0 Montbron. L&rsquo;artiste Camille Chrysalide est notre marraine de l&rsquo;\u00e9v\u00e9nement. Un casting pour participer au concert, se d\u00e9roulera \u00e0 Montbron ...<\/p>\n","protected":false},"author":1,"featured_media":12339,"parent":12105,"menu_order":0,"comment_status":"closed","ping_status":"closed","template":"","meta":{"footnotes":""},"class_list":["post-12141","page","type-page","status-publish","has-post-thumbnail","hentry"],"yoast_head":"<!-- This site is optimized with the Yoast SEO plugin v27.4 - https:\/\/yoast.com\/product\/yoast-seo-wordpress\/ -->\n<title>Casting Voice Discover 16 | LA16.fr en Charente<\/title>\n<meta name=\"robots\" content=\"index, follow, max-snippet:-1, max-image-preview:large, max-video-preview:-1\" \/>\n<link rel=\"canonical\" href=\"https:\/\/www.la16.fr\/fr\/voice-discover-16\/casting-voice-discover-16\/\" \/>\n<meta property=\"og:locale\" content=\"fr_FR\" \/>\n<meta property=\"og:type\" content=\"article\" \/>\n<meta property=\"og:title\" content=\"Casting Voice Discover 16 | LA16.fr en Charente\" \/>\n<meta property=\"og:description\" content=\"Inscription aux pr\u00e9s\u00e9lections du casting L\u2019association la16.fr, Charley Dejean Coach Vocal et No\u2019 Mad Custom Leather, organisent un concours de chant, avec en cl\u00f4ture un concert le 7 mai 2023 \u00e0 Montbron. L&rsquo;artiste Camille Chrysalide est notre marraine de l&rsquo;\u00e9v\u00e9nement. Un casting pour participer au concert, se d\u00e9roulera \u00e0 Montbron [...]\" \/>\n<meta property=\"og:url\" content=\"https:\/\/www.la16.fr\/fr\/voice-discover-16\/casting-voice-discover-16\/\" \/>\n<meta property=\"og:site_name\" content=\"LA16.fr en Charente\" \/>\n<meta property=\"article:publisher\" content=\"https:\/\/www.facebook.com\/LA16fr\" \/>\n<meta property=\"article:modified_time\" content=\"2023-01-17T08:31:16+00:00\" \/>\n<meta property=\"og:image\" content=\"https:\/\/www.la16.fr\/fr\/wp-content\/uploads\/2021\/11\/vd16-logo-1200x1200.png\" \/>\n\t<meta property=\"og:image:width\" content=\"1200\" \/>\n\t<meta property=\"og:image:height\" content=\"1200\" \/>\n\t<meta property=\"og:image:type\" content=\"image\/png\" \/>\n<meta name=\"twitter:card\" content=\"summary_large_image\" \/>\n<meta name=\"twitter:site\" content=\"@La16Fr\" \/>\n<meta name=\"twitter:label1\" content=\"Dur\u00e9e de lecture estim\u00e9e\" \/>\n\t<meta name=\"twitter:data1\" content=\"1 minute\" \/>\n<script type=\"application\/ld+json\" class=\"yoast-schema-graph\">{\"@context\":\"https:\\\/\\\/schema.org\",\"@graph\":[{\"@type\":\"WebPage\",\"@id\":\"https:\\\/\\\/www.la16.fr\\\/fr\\\/voice-discover-16\\\/casting-voice-discover-16\\\/\",\"url\":\"https:\\\/\\\/www.la16.fr\\\/fr\\\/voice-discover-16\\\/casting-voice-discover-16\\\/\",\"name\":\"Casting Voice Discover 16 | LA16.fr en Charente\",\"isPartOf\":{\"@id\":\"https:\\\/\\\/www.la16.fr\\\/fr\\\/#website\"},\"primaryImageOfPage\":{\"@id\":\"https:\\\/\\\/www.la16.fr\\\/fr\\\/voice-discover-16\\\/casting-voice-discover-16\\\/#primaryimage\"},\"image\":{\"@id\":\"https:\\\/\\\/www.la16.fr\\\/fr\\\/voice-discover-16\\\/casting-voice-discover-16\\\/#primaryimage\"},\"thumbnailUrl\":\"https:\\\/\\\/www.la16.fr\\\/fr\\\/wp-content\\\/uploads\\\/2021\\\/11\\\/vd16-logo.png\",\"datePublished\":\"2022-10-22T09:19:46+00:00\",\"dateModified\":\"2023-01-17T08:31:16+00:00\",\"breadcrumb\":{\"@id\":\"https:\\\/\\\/www.la16.fr\\\/fr\\\/voice-discover-16\\\/casting-voice-discover-16\\\/#breadcrumb\"},\"inLanguage\":\"fr-FR\",\"potentialAction\":[{\"@type\":\"ReadAction\",\"target\":[\"https:\\\/\\\/www.la16.fr\\\/fr\\\/voice-discover-16\\\/casting-voice-discover-16\\\/\"]}]},{\"@type\":\"ImageObject\",\"inLanguage\":\"fr-FR\",\"@id\":\"https:\\\/\\\/www.la16.fr\\\/fr\\\/voice-discover-16\\\/casting-voice-discover-16\\\/#primaryimage\",\"url\":\"https:\\\/\\\/www.la16.fr\\\/fr\\\/wp-content\\\/uploads\\\/2021\\\/11\\\/vd16-logo.png\",\"contentUrl\":\"https:\\\/\\\/www.la16.fr\\\/fr\\\/wp-content\\\/uploads\\\/2021\\\/11\\\/vd16-logo.png\",\"width\":2000,\"height\":2000},{\"@type\":\"BreadcrumbList\",\"@id\":\"https:\\\/\\\/www.la16.fr\\\/fr\\\/voice-discover-16\\\/casting-voice-discover-16\\\/#breadcrumb\",\"itemListElement\":[{\"@type\":\"ListItem\",\"position\":1,\"name\":\"Accueil\",\"item\":\"https:\\\/\\\/www.la16.fr\\\/fr\\\/\"},{\"@type\":\"ListItem\",\"position\":2,\"name\":\"Voice Discover 16\",\"item\":\"https:\\\/\\\/www.la16.fr\\\/fr\\\/voice-discover-16\\\/\"},{\"@type\":\"ListItem\",\"position\":3,\"name\":\"Casting Voice Discover 16\"}]},{\"@type\":\"WebSite\",\"@id\":\"https:\\\/\\\/www.la16.fr\\\/fr\\\/#website\",\"url\":\"https:\\\/\\\/www.la16.fr\\\/fr\\\/\",\"name\":\"LA16.fr en Charente\",\"description\":\"\",\"publisher\":{\"@id\":\"https:\\\/\\\/www.la16.fr\\\/fr\\\/#organization\"},\"potentialAction\":[{\"@type\":\"SearchAction\",\"target\":{\"@type\":\"EntryPoint\",\"urlTemplate\":\"https:\\\/\\\/www.la16.fr\\\/fr\\\/?s={search_term_string}\"},\"query-input\":{\"@type\":\"PropertyValueSpecification\",\"valueRequired\":true,\"valueName\":\"search_term_string\"}}],\"inLanguage\":\"fr-FR\"},{\"@type\":\"Organization\",\"@id\":\"https:\\\/\\\/www.la16.fr\\\/fr\\\/#organization\",\"name\":\"LA16\",\"url\":\"https:\\\/\\\/www.la16.fr\\\/fr\\\/\",\"logo\":{\"@type\":\"ImageObject\",\"inLanguage\":\"fr-FR\",\"@id\":\"https:\\\/\\\/www.la16.fr\\\/fr\\\/#\\\/schema\\\/logo\\\/image\\\/\",\"url\":\"https:\\\/\\\/www.la16.fr\\\/fr\\\/wp-content\\\/uploads\\\/2021\\\/08\\\/logo-2019-vectoriel-ok.png\",\"contentUrl\":\"https:\\\/\\\/www.la16.fr\\\/fr\\\/wp-content\\\/uploads\\\/2021\\\/08\\\/logo-2019-vectoriel-ok.png\",\"width\":500,\"height\":500,\"caption\":\"LA16\"},\"image\":{\"@id\":\"https:\\\/\\\/www.la16.fr\\\/fr\\\/#\\\/schema\\\/logo\\\/image\\\/\"},\"sameAs\":[\"https:\\\/\\\/www.facebook.com\\\/LA16fr\",\"https:\\\/\\\/x.com\\\/La16Fr\",\"https:\\\/\\\/www.instagram.com\\\/la16fr\\\/\",\"https:\\\/\\\/www.youtube.com\\\/channel\\\/UCdWiToB8k03CX56jPTUr07A\"]}]}<\/script>\n<!-- \/ Yoast SEO plugin. -->","yoast_head_json":{"title":"Casting Voice Discover 16 | LA16.fr en Charente","robots":{"index":"index","follow":"follow","max-snippet":"max-snippet:-1","max-image-preview":"max-image-preview:large","max-video-preview":"max-video-preview:-1"},"canonical":"https:\/\/www.la16.fr\/fr\/voice-discover-16\/casting-voice-discover-16\/","og_locale":"fr_FR","og_type":"article","og_title":"Casting Voice Discover 16 | LA16.fr en Charente","og_description":"Inscription aux pr\u00e9s\u00e9lections du casting L\u2019association la16.fr, Charley Dejean Coach Vocal et No\u2019 Mad Custom Leather, organisent un concours de chant, avec en cl\u00f4ture un concert le 7 mai 2023 \u00e0 Montbron. L&rsquo;artiste Camille Chrysalide est notre marraine de l&rsquo;\u00e9v\u00e9nement. Un casting pour participer au concert, se d\u00e9roulera \u00e0 Montbron [...]","og_url":"https:\/\/www.la16.fr\/fr\/voice-discover-16\/casting-voice-discover-16\/","og_site_name":"LA16.fr en Charente","article_publisher":"https:\/\/www.facebook.com\/LA16fr","article_modified_time":"2023-01-17T08:31:16+00:00","og_image":[{"width":1200,"height":1200,"url":"https:\/\/www.la16.fr\/fr\/wp-content\/uploads\/2021\/11\/vd16-logo-1200x1200.png","type":"image\/png"}],"twitter_card":"summary_large_image","twitter_site":"@La16Fr","twitter_misc":{"Dur\u00e9e de lecture estim\u00e9e":"1 minute"},"schema":{"@context":"https:\/\/schema.org","@graph":[{"@type":"WebPage","@id":"https:\/\/www.la16.fr\/fr\/voice-discover-16\/casting-voice-discover-16\/","url":"https:\/\/www.la16.fr\/fr\/voice-discover-16\/casting-voice-discover-16\/","name":"Casting Voice Discover 16 | LA16.fr en Charente","isPartOf":{"@id":"https:\/\/www.la16.fr\/fr\/#website"},"primaryImageOfPage":{"@id":"https:\/\/www.la16.fr\/fr\/voice-discover-16\/casting-voice-discover-16\/#primaryimage"},"image":{"@id":"https:\/\/www.la16.fr\/fr\/voice-discover-16\/casting-voice-discover-16\/#primaryimage"},"thumbnailUrl":"https:\/\/www.la16.fr\/fr\/wp-content\/uploads\/2021\/11\/vd16-logo.png","datePublished":"2022-10-22T09:19:46+00:00","dateModified":"2023-01-17T08:31:16+00:00","breadcrumb":{"@id":"https:\/\/www.la16.fr\/fr\/voice-discover-16\/casting-voice-discover-16\/#breadcrumb"},"inLanguage":"fr-FR","potentialAction":[{"@type":"ReadAction","target":["https:\/\/www.la16.fr\/fr\/voice-discover-16\/casting-voice-discover-16\/"]}]},{"@type":"ImageObject","inLanguage":"fr-FR","@id":"https:\/\/www.la16.fr\/fr\/voice-discover-16\/casting-voice-discover-16\/#primaryimage","url":"https:\/\/www.la16.fr\/fr\/wp-content\/uploads\/2021\/11\/vd16-logo.png","contentUrl":"https:\/\/www.la16.fr\/fr\/wp-content\/uploads\/2021\/11\/vd16-logo.png","width":2000,"height":2000},{"@type":"BreadcrumbList","@id":"https:\/\/www.la16.fr\/fr\/voice-discover-16\/casting-voice-discover-16\/#breadcrumb","itemListElement":[{"@type":"ListItem","position":1,"name":"Accueil","item":"https:\/\/www.la16.fr\/fr\/"},{"@type":"ListItem","position":2,"name":"Voice Discover 16","item":"https:\/\/www.la16.fr\/fr\/voice-discover-16\/"},{"@type":"ListItem","position":3,"name":"Casting Voice Discover 16"}]},{"@type":"WebSite","@id":"https:\/\/www.la16.fr\/fr\/#website","url":"https:\/\/www.la16.fr\/fr\/","name":"LA16.fr en Charente","description":"","publisher":{"@id":"https:\/\/www.la16.fr\/fr\/#organization"},"potentialAction":[{"@type":"SearchAction","target":{"@type":"EntryPoint","urlTemplate":"https:\/\/www.la16.fr\/fr\/?s={search_term_string}"},"query-input":{"@type":"PropertyValueSpecification","valueRequired":true,"valueName":"search_term_string"}}],"inLanguage":"fr-FR"},{"@type":"Organization","@id":"https:\/\/www.la16.fr\/fr\/#organization","name":"LA16","url":"https:\/\/www.la16.fr\/fr\/","logo":{"@type":"ImageObject","inLanguage":"fr-FR","@id":"https:\/\/www.la16.fr\/fr\/#\/schema\/logo\/image\/","url":"https:\/\/www.la16.fr\/fr\/wp-content\/uploads\/2021\/08\/logo-2019-vectoriel-ok.png","contentUrl":"https:\/\/www.la16.fr\/fr\/wp-content\/uploads\/2021\/08\/logo-2019-vectoriel-ok.png","width":500,"height":500,"caption":"LA16"},"image":{"@id":"https:\/\/www.la16.fr\/fr\/#\/schema\/logo\/image\/"},"sameAs":["https:\/\/www.facebook.com\/LA16fr","https:\/\/x.com\/La16Fr","https:\/\/www.instagram.com\/la16fr\/","https:\/\/www.youtube.com\/channel\/UCdWiToB8k03CX56jPTUr07A"]}]}},"_links":{"self":[{"href":"https:\/\/www.la16.fr\/fr\/wp-json\/wp\/v2\/pages\/12141","targetHints":{"allow":["GET"]}}],"collection":[{"href":"https:\/\/www.la16.fr\/fr\/wp-json\/wp\/v2\/pages"}],"about":[{"href":"https:\/\/www.la16.fr\/fr\/wp-json\/wp\/v2\/types\/page"}],"author":[{"embeddable":true,"href":"https:\/\/www.la16.fr\/fr\/wp-json\/wp\/v2\/users\/1"}],"replies":[{"embeddable":true,"href":"https:\/\/www.la16.fr\/fr\/wp-json\/wp\/v2\/comments?post=12141"}],"version-history":[{"count":0,"href":"https:\/\/www.la16.fr\/fr\/wp-json\/wp\/v2\/pages\/12141\/revisions"}],"up":[{"embeddable":true,"href":"https:\/\/www.la16.fr\/fr\/wp-json\/wp\/v2\/pages\/12105"}],"wp:featuredmedia":[{"embeddable":true,"href":"https:\/\/www.la16.fr\/fr\/wp-json\/wp\/v2\/media\/12339"}],"wp:attachment":[{"href":"https:\/\/www.la16.fr\/fr\/wp-json\/wp\/v2\/media?parent=12141"}],"curies":[{"name":"wp","href":"https:\/\/api.w.org\/{rel}","templated":true}]}}