{"id":12318,"date":"2022-10-25T13:03:08","date_gmt":"2022-10-25T11:03:08","guid":{"rendered":"https:\/\/www.la16.fr\/fr\/?page_id=12318"},"modified":"2023-02-23T22:56:07","modified_gmt":"2023-02-23T21:56:07","slug":"reglements-du-voice-discover-16","status":"publish","type":"page","link":"https:\/\/www.la16.fr\/fr\/voice-discover-16\/reglements-du-voice-discover-16\/","title":{"rendered":"R\u00e8glements du Voice Discover 16"},"content":{"rendered":"<div id=\"modal-ready\">\t\t<div data-elementor-type=\"wp-page\" data-elementor-id=\"12318\" class=\"elementor elementor-12318\" data-elementor-post-type=\"page\">\n\t\t\t\t\t\t<section class=\"elementor-section elementor-top-section elementor-element elementor-element-fcf1cf3 elementor-section-stretched elementor-section-boxed elementor-section-height-default elementor-section-height-default\" data-id=\"fcf1cf3\" data-element_type=\"section\" data-e-type=\"section\" data-settings=\"{&quot;stretch_section&quot;:&quot;section-stretched&quot;}\">\n\t\t\t\t\t\t<div class=\"elementor-container elementor-column-gap-default\">\n\t\t\t\t\t<div class=\"elementor-column elementor-col-100 elementor-top-column elementor-element elementor-element-4b44e44c\" data-id=\"4b44e44c\" data-element_type=\"column\" data-e-type=\"column\">\n\t\t\t<div class=\"elementor-widget-wrap elementor-element-populated\">\n\t\t\t\t\t\t<div class=\"elementor-element elementor-element-a36fb72 elementor-widget elementor-widget-image\" data-id=\"a36fb72\" data-element_type=\"widget\" data-e-type=\"widget\" data-widget_type=\"image.default\">\n\t\t\t\t<div class=\"elementor-widget-container\">\n\t\t\t\t\t\t\t\t\t\t\t\t\t\t\t<img decoding=\"async\" width=\"1000\" height=\"300\" src=\"https:\/\/www.la16.fr\/fr\/wp-content\/uploads\/2022\/10\/vd16-bandeau.png\" class=\"attachment-full size-full wp-image-12407\" alt=\"\" srcset=\"https:\/\/www.la16.fr\/fr\/wp-content\/uploads\/2022\/10\/vd16-bandeau.png 1000w, https:\/\/www.la16.fr\/fr\/wp-content\/uploads\/2022\/10\/vd16-bandeau-400x120.png 400w, https:\/\/www.la16.fr\/fr\/wp-content\/uploads\/2022\/10\/vd16-bandeau-768x230.png 768w\" sizes=\"(max-width: 1000px) 100vw, 1000px\" \/>\t\t\t\t\t\t\t\t\t\t\t\t\t\t\t<\/div>\n\t\t\t\t<\/div>\n\t\t\t\t<div class=\"elementor-element elementor-element-1c2289e elementor-widget elementor-widget-proradio-elementor-qt-caption\" data-id=\"1c2289e\" data-element_type=\"widget\" data-e-type=\"widget\" data-widget_type=\"proradio-elementor-qt-caption.default\">\n\t\t\t\t<div class=\"elementor-widget-container\">\n\t\t\t\t\t\t\t<div>\n\t\t\t<h3  class=\"proradio-element-caption proradio-caption  proradio-caption__m  \" data-qtwaypoints-offset=\"30\" data-qtwaypoints>\t\t\t\t<span>R\u00e8glements du voice discover 16<\/span>\n\t\t\t\t<\/h3>\t\t<\/div>\n\t\t\t\t\t\t<\/div>\n\t\t\t\t<\/div>\n\t\t\t\t<div class=\"elementor-element elementor-element-820ebdc elementor-widget elementor-widget-toggle\" data-id=\"820ebdc\" data-element_type=\"widget\" data-e-type=\"widget\" data-widget_type=\"toggle.default\">\n\t\t\t\t<div class=\"elementor-widget-container\">\n\t\t\t\t\t\t\t<div class=\"elementor-toggle\">\n\t\t\t\t\t\t\t<div class=\"elementor-toggle-item\">\n\t\t\t\t\t<div id=\"elementor-tab-title-1361\" class=\"elementor-tab-title\" data-tab=\"1\" role=\"button\" aria-controls=\"elementor-tab-content-1361\" aria-expanded=\"false\">\n\t\t\t\t\t\t\t\t\t\t\t\t<span class=\"elementor-toggle-icon elementor-toggle-icon-left\" aria-hidden=\"true\">\n\t\t\t\t\t\t\t\t\t\t\t\t\t\t\t<span class=\"elementor-toggle-icon-closed\"><i class=\"fas fa-caret-right\"><\/i><\/span>\n\t\t\t\t\t\t\t\t<span class=\"elementor-toggle-icon-opened\"><i class=\"elementor-toggle-icon-opened fas fa-caret-up\"><\/i><\/span>\n\t\t\t\t\t\t\t\t\t\t\t\t\t<\/span>\n\t\t\t\t\t\t\t\t\t\t\t\t<a class=\"elementor-toggle-title\" tabindex=\"0\">R\u00e8glement de la participation au casting Voice Discover 16.<\/a>\n\t\t\t\t\t<\/div>\n\n\t\t\t\t\t<div id=\"elementor-tab-content-1361\" class=\"elementor-tab-content elementor-clearfix\" data-tab=\"1\" role=\"region\" aria-labelledby=\"elementor-tab-title-1361\"><p><img decoding=\"async\" class=\"size-medium wp-image-12736 alignleft\" src=\"https:\/\/www.la16.fr\/fr\/wp-content\/uploads\/2022\/10\/vignette-casting-400x225.png\" alt=\"\" width=\"400\" height=\"225\" srcset=\"https:\/\/www.la16.fr\/fr\/wp-content\/uploads\/2022\/10\/vignette-casting-400x225.png 400w, https:\/\/www.la16.fr\/fr\/wp-content\/uploads\/2022\/10\/vignette-casting-1200x675.png 1200w, https:\/\/www.la16.fr\/fr\/wp-content\/uploads\/2022\/10\/vignette-casting-768x432.png 768w, https:\/\/www.la16.fr\/fr\/wp-content\/uploads\/2022\/10\/vignette-casting-1536x864.png 1536w, https:\/\/www.la16.fr\/fr\/wp-content\/uploads\/2022\/10\/vignette-casting.png 1920w\" sizes=\"(max-width: 400px) 100vw, 400px\" \/>LA16 en partenariat avec Charley Dejean Productions et No&rsquo; Mad Custom Leather organisent un casting \u00e0 destination des artistes musicaux charentais. Ce casting se d\u00e9roule en plusieurs \u00e9tapes :<\/p><ul><li><strong>Pr\u00e9s\u00e9lection au casting jusqu&rsquo;au 10 f\u00e9vrier 2023 :<\/strong> si vous \u00eates pr\u00e9s\u00e9lectionn\u00e9, vous recevrez une convocation par email pour participer \u00e0 la journ\u00e9e casting du 18 f\u00e9vrier 2023.<\/li><li><strong>Age minimum :<\/strong> Pour vous inscrire vous devez avoir 16 ans r\u00e9volu au 18 f\u00e9vrier 2023.\u00a0<\/li><li><strong>Date limite d&rsquo;inscription :<\/strong> Vous avez jusqu&rsquo;au 10 f\u00e9vrier 2023 pour vous inscrire pour le casting.<\/li><li><strong>S\u00e9lection des candidats :<\/strong> L&rsquo;\u00e9quipe de production s\u00e9lectionnera pour la journ\u00e9e du 18 f\u00e9vrier, jusqu&rsquo;\u00e0 16 participants les candidats seront pr\u00e9venus par t\u00e9l\u00e9phone ou email de leur s\u00e9lection.<\/li><li><strong>Stage de coaching vocale et sc\u00e9nique :<\/strong> La pr\u00e9sence \u00e0 ce stage est obligatoire pour les s\u00e9lectionn\u00e9s. Il se d\u00e9roulera \u00e0 Montbron les 8 et 9 avril 2023. Le lieu vous sera communiqu\u00e9 sur la convocation qui vous sera transmise par email.<\/li><li><strong>Concert du 7 mai 2023 :<\/strong> Les \u00e9l\u00e8ves ayant suivi assidument le stage de coaching, seront invit\u00e9s \u00e0 chanter sur sc\u00e8ne le dimanche 7 mai 2023. L&rsquo;heure des r\u00e9p\u00e9titions vous sera communiqu\u00e9 par mail et\/ou par t\u00e9l\u00e9phone.<\/li><li><strong>Vote du public :<\/strong> Lors du concert, le public recevra un bon pour voter pour le candidat de son choix. Le d\u00e9pouillement des votes aura lieu \u00e0 la fin du passage du dernier candidat. Les gagnants seront annonc\u00e9s en fin de soir\u00e9e.<\/li><li><strong>Cadeaux des Gagnants :<\/strong> Le trois candidats ou\u00a0 candidates ayant re\u00e7us le plus de vote (internet + public du 7 mai) seront r\u00e9compens\u00e9 par un cadeau :<ul><li>1er prix : 10 cours de chant, d&rsquo;une valeur de 250 \u20ac<\/li><li>2\u00e8me prix : 1 micro shure SM58 d&rsquo;une valeur de 129 \u20ac<\/li><li>3\u00e8me prix : 1 casque audio Beyerdynamic d&rsquo;une valeur de 79 \u20ac<\/li><\/ul><\/li><\/ul><\/div>\n\t\t\t\t<\/div>\n\t\t\t\t\t\t\t<div class=\"elementor-toggle-item\">\n\t\t\t\t\t<div id=\"elementor-tab-title-1362\" class=\"elementor-tab-title\" data-tab=\"2\" role=\"button\" aria-controls=\"elementor-tab-content-1362\" aria-expanded=\"false\">\n\t\t\t\t\t\t\t\t\t\t\t\t<span class=\"elementor-toggle-icon elementor-toggle-icon-left\" aria-hidden=\"true\">\n\t\t\t\t\t\t\t\t\t\t\t\t\t\t\t<span class=\"elementor-toggle-icon-closed\"><i class=\"fas fa-caret-right\"><\/i><\/span>\n\t\t\t\t\t\t\t\t<span class=\"elementor-toggle-icon-opened\"><i class=\"elementor-toggle-icon-opened fas fa-caret-up\"><\/i><\/span>\n\t\t\t\t\t\t\t\t\t\t\t\t\t<\/span>\n\t\t\t\t\t\t\t\t\t\t\t\t<a class=\"elementor-toggle-title\" tabindex=\"0\">R\u00e8glement de la tombola au profit des activit\u00e9s sportives de la Charente.<\/a>\n\t\t\t\t\t<\/div>\n\n\t\t\t\t\t<div id=\"elementor-tab-content-1362\" class=\"elementor-tab-content elementor-clearfix\" data-tab=\"2\" role=\"region\" aria-labelledby=\"elementor-tab-title-1362\"><p>LA16 organise une tombola dans le cadre du Voice Discover 16. Les gains serviront \u00e0 favoriser l&rsquo;acc\u00e8s aux activit\u00e9s sportives pour les jeunes de la communaut\u00e9 de communes de La Rochefoucauld Porte du P\u00e9rigord.<\/p><ul><li><strong>Date du jeu :<\/strong> du 10 d\u00e9cembre au 7 mai 2023<\/li><li><strong>Modalit\u00e9 de participation :<\/strong> pour participer \u00e0 la tombola, vous devez acheter un ticket dans l&rsquo;un de nos points de distribution (liste ici). Vous devez vous assurer que votre nom et N\u00b0 de t\u00e9l\u00e9phone sont bien lisible, afin d&rsquo;\u00eatre pr\u00e9venu d&rsquo;un \u00e9ventuel lot. En cas d&rsquo;information manquante, nous ne pourrons pas vous pr\u00e9venir pour venir chercher votre lot, et ce dernier sera remis en jeu ult\u00e9rieurement. Il n&rsquo;est pas n\u00e9cessaire d&rsquo;\u00eatre pr\u00e9sent le jour du tirage.<\/li><li><strong>Prix du billet de tombola :<\/strong> Chaque ticket num\u00e9rot\u00e9 a une valeur de 2 \u20ac<\/li><li><strong>Nombre de billets de tombola :<\/strong> Il sera imprim\u00e9 1000 tickets.<\/li><li><strong>Lots de la tombola :<\/strong> 20 lots r\u00e9partis en :<\/li><li><strong>Probabilit\u00e9 de gains :<\/strong> 2 chances sur 100.<\/li><li><strong>Tirage au sort :<\/strong> Le tirage au sort aura lieu le dimanche 7 mai 2023<\/li><li><strong>Gagnants :<\/strong> les gagnants seront annonc\u00e9s au moment du tirage. Les gagnants non pr\u00e9sents seront pr\u00e9venus \u00e0 partir du 9 mai 2023 par t\u00e9l\u00e9phone. Il disposerons de 30 jours (jusqu&rsquo;au 10 juin 2023) pour retirer leurs lots.<\/li><li><strong>B\u00e9n\u00e9fices de la tombola :<\/strong> Les b\u00e9n\u00e9fices per\u00e7us seront enti\u00e8rement utilis\u00e9s pour promouvoir les activit\u00e9s sportives des jeunes de la communaut\u00e9 de communes de La Rochefoucauld Porte du P\u00e9rigord.<\/li><\/ul><p>La tombola a \u00e9t\u00e9 d\u00e9clar\u00e9e en mairie de Montbron, et au service des imp\u00f4ts d&rsquo;Angoul\u00eame.<\/p><h3>\u00a0<\/h3><\/div>\n\t\t\t\t<\/div>\n\t\t\t\t\t\t\t<div class=\"elementor-toggle-item\">\n\t\t\t\t\t<div id=\"elementor-tab-title-1363\" class=\"elementor-tab-title\" data-tab=\"3\" role=\"button\" aria-controls=\"elementor-tab-content-1363\" aria-expanded=\"false\">\n\t\t\t\t\t\t\t\t\t\t\t\t<span class=\"elementor-toggle-icon elementor-toggle-icon-left\" aria-hidden=\"true\">\n\t\t\t\t\t\t\t\t\t\t\t\t\t\t\t<span class=\"elementor-toggle-icon-closed\"><i class=\"fas fa-caret-right\"><\/i><\/span>\n\t\t\t\t\t\t\t\t<span class=\"elementor-toggle-icon-opened\"><i class=\"elementor-toggle-icon-opened fas fa-caret-up\"><\/i><\/span>\n\t\t\t\t\t\t\t\t\t\t\t\t\t<\/span>\n\t\t\t\t\t\t\t\t\t\t\t\t<a class=\"elementor-toggle-title\" tabindex=\"0\">R\u00e8glement des votes en ligne.<\/a>\n\t\t\t\t\t<\/div>\n\n\t\t\t\t\t<div id=\"elementor-tab-content-1363\" class=\"elementor-tab-content elementor-clearfix\" data-tab=\"3\" role=\"region\" aria-labelledby=\"elementor-tab-title-1363\"><p>R\u00e8glement du jeu \u00ab\u00a0Votez pour la voix Charentaise &#8211; Voice Discover 16\u00a0\u00bb<\/p><h3><strong>Article 1 :<\/strong> Organisation Le jeu \u00ab\u00a0Votez pour la voix Charentaise<\/h3><p>Voice Discover 16&Prime; est organis\u00e9 par LA16, dont le si\u00e8ge social est situ\u00e9 6 rue de chez Maridou, 16220 Montbron. Ce jeu est ouvert \u00e0 toute personne physique majeure.<\/p><h3><strong>Article 2 :<\/strong> Modalit\u00e9s de participation<\/h3><p>La participation \u00e0 ce jeu est gratuite et sans obligation d&rsquo;achat. Les participants doivent se rendre sur le site Internet du jeu, accessible \u00e0 l&rsquo;adresse suivante : www.voicediscover16.fr ou www.la16.fr , pour voter pour leur candidat pr\u00e9f\u00e9r\u00e9. Chaque participant ne peut voter qu&rsquo;une seule fois et doit fournir une adresse email valide.<\/p><h3><strong>Article 3 :<\/strong> D\u00e9signation du gagnant parmi les votants<\/h3><p>Le gagnant sera d\u00e9sign\u00e9 par un tirage au sort parmi l&rsquo;ensemble des personnes ayant <strong>vot\u00e9 pour le candidat ayant remport\u00e9 le Voice Discover 16.<\/strong> Le gagnant remportera un enceinte Bluetooth. Le tirage au sort aura lieu le 7 mai 2023 \u00e0 23h00.<\/p><h3>Article 4 : Restrictions<\/h3><p>Les organisateurs, ainsi que leur famille, ne sont pas autoris\u00e9s \u00e0 participer \u00e0 ce jeu.<\/p><h3>Article 5 : D\u00e9compte des voix<\/h3><p>Les votes en ligne seront comptabilis\u00e9s avec ceux des spectateurs du concert du 7 mai 2023.<\/p><h3>Article 6: Dur\u00e9e du jeu<\/h3><p>Le jeu \u00ab\u00a0Votez pour la voix Charentaise &#8211; Voice Discover 16\u00a0\u00bb se d\u00e9roule du 24 f\u00e9vrier 2023 au 5 mai 2023.<\/p><h3>Article 7 : Donn\u00e9es personnelles<\/h3><p>Les donn\u00e9es personnelles collect\u00e9es lors de la participation au jeu sont exclusivement destin\u00e9es \u00e0 LA16 et ne seront en aucun cas transmises \u00e0 des tiers sans l&rsquo;autorisation pr\u00e9alable des participants.<\/p><h3>Article 8 : Acceptation du r\u00e8glement<\/h3><p>La participation au jeu implique l&rsquo;acceptation pleine et enti\u00e8re du pr\u00e9sent r\u00e8glement.<\/p><h3>Article 9 : Litiges<\/h3><p>Le pr\u00e9sent r\u00e8glement est soumis \u00e0 la loi fran\u00e7aise. Tout litige relatif \u00e0 l&rsquo;interpr\u00e9tation ou \u00e0 l&rsquo;ex\u00e9cution du pr\u00e9sent r\u00e8glement sera soumis \u00e0 la comp\u00e9tence exclusive des tribunaux comp\u00e9tents.<\/p><\/div>\n\t\t\t\t<\/div>\n\t\t\t\t\t\t\t<div class=\"elementor-toggle-item\">\n\t\t\t\t\t<div id=\"elementor-tab-title-1364\" class=\"elementor-tab-title\" data-tab=\"4\" role=\"button\" aria-controls=\"elementor-tab-content-1364\" aria-expanded=\"false\">\n\t\t\t\t\t\t\t\t\t\t\t\t<span class=\"elementor-toggle-icon elementor-toggle-icon-left\" aria-hidden=\"true\">\n\t\t\t\t\t\t\t\t\t\t\t\t\t\t\t<span class=\"elementor-toggle-icon-closed\"><i class=\"fas fa-caret-right\"><\/i><\/span>\n\t\t\t\t\t\t\t\t<span class=\"elementor-toggle-icon-opened\"><i class=\"elementor-toggle-icon-opened fas fa-caret-up\"><\/i><\/span>\n\t\t\t\t\t\t\t\t\t\t\t\t\t<\/span>\n\t\t\t\t\t\t\t\t\t\t\t\t<a class=\"elementor-toggle-title\" tabindex=\"0\">R\u00e8glement des votes du public lors du concert du 7 mai 2023<\/a>\n\t\t\t\t\t<\/div>\n\n\t\t\t\t\t<div id=\"elementor-tab-content-1364\" class=\"elementor-tab-content elementor-clearfix\" data-tab=\"4\" role=\"region\" aria-labelledby=\"elementor-tab-title-1364\"><p>A venir&#8230;<\/p><\/div>\n\t\t\t\t<\/div>\n\t\t\t\t\t\t\t<div class=\"elementor-toggle-item\">\n\t\t\t\t\t<div id=\"elementor-tab-title-1365\" class=\"elementor-tab-title\" data-tab=\"5\" role=\"button\" aria-controls=\"elementor-tab-content-1365\" aria-expanded=\"false\">\n\t\t\t\t\t\t\t\t\t\t\t\t<span class=\"elementor-toggle-icon elementor-toggle-icon-left\" aria-hidden=\"true\">\n\t\t\t\t\t\t\t\t\t\t\t\t\t\t\t<span class=\"elementor-toggle-icon-closed\"><i class=\"fas fa-caret-right\"><\/i><\/span>\n\t\t\t\t\t\t\t\t<span class=\"elementor-toggle-icon-opened\"><i class=\"elementor-toggle-icon-opened fas fa-caret-up\"><\/i><\/span>\n\t\t\t\t\t\t\t\t\t\t\t\t\t<\/span>\n\t\t\t\t\t\t\t\t\t\t\t\t<a class=\"elementor-toggle-title\" tabindex=\"0\">R\u00e8glement des exposants et stands du dimanche 7 mai 2023<\/a>\n\t\t\t\t\t<\/div>\n\n\t\t\t\t\t<div id=\"elementor-tab-content-1365\" class=\"elementor-tab-content elementor-clearfix\" data-tab=\"5\" role=\"region\" aria-labelledby=\"elementor-tab-title-1365\"><p>A venir&#8230;<\/p><\/div>\n\t\t\t\t<\/div>\n\t\t\t\t\t\t\t\t<\/div>\n\t\t\t\t\t\t<\/div>\n\t\t\t\t<\/div>\n\t\t\t\t\t<\/div>\n\t\t<\/div>\n\t\t\t\t\t<\/div>\n\t\t<\/section>\n\t\t\t\t<\/div>\n\t\t<\/div>","protected":false},"excerpt":{"rendered":"<p>R\u00e8glements du voice discover 16 R\u00e8glement de la participation au casting Voice Discover 16. LA16 en partenariat avec Charley Dejean Productions et No&rsquo; Mad Custom Leather organisent un casting \u00e0 destination des artistes musicaux charentais. Ce casting se d\u00e9roule en plusieurs \u00e9tapes : Pr\u00e9s\u00e9lection au casting jusqu&rsquo;au 10 f\u00e9vrier 2023 ...<\/p>\n","protected":false},"author":1,"featured_media":0,"parent":12105,"menu_order":0,"comment_status":"closed","ping_status":"closed","template":"","meta":{"footnotes":""},"class_list":["post-12318","page","type-page","status-publish","hentry"],"yoast_head":"<!-- This site is optimized with the Yoast SEO plugin v27.4 - https:\/\/yoast.com\/product\/yoast-seo-wordpress\/ -->\n<title>R\u00e8glements du Voice Discover 16 | LA16.fr en Charente<\/title>\n<meta name=\"robots\" content=\"index, follow, max-snippet:-1, max-image-preview:large, max-video-preview:-1\" \/>\n<link rel=\"canonical\" href=\"https:\/\/www.la16.fr\/fr\/voice-discover-16\/reglements-du-voice-discover-16\/\" \/>\n<meta property=\"og:locale\" content=\"fr_FR\" \/>\n<meta property=\"og:type\" content=\"article\" \/>\n<meta property=\"og:title\" content=\"R\u00e8glements du Voice Discover 16 | LA16.fr en Charente\" \/>\n<meta property=\"og:description\" content=\"R\u00e8glements du voice discover 16 R\u00e8glement de la participation au casting Voice Discover 16. LA16 en partenariat avec Charley Dejean Productions et No&rsquo; Mad Custom Leather organisent un casting \u00e0 destination des artistes musicaux charentais. Ce casting se d\u00e9roule en plusieurs \u00e9tapes : Pr\u00e9s\u00e9lection au casting jusqu&rsquo;au 10 f\u00e9vrier 2023 [...]\" \/>\n<meta property=\"og:url\" content=\"https:\/\/www.la16.fr\/fr\/voice-discover-16\/reglements-du-voice-discover-16\/\" \/>\n<meta property=\"og:site_name\" content=\"LA16.fr en Charente\" \/>\n<meta property=\"article:publisher\" content=\"https:\/\/www.facebook.com\/LA16fr\" \/>\n<meta property=\"article:modified_time\" content=\"2023-02-23T21:56:07+00:00\" \/>\n<meta property=\"og:image\" content=\"https:\/\/www.la16.fr\/fr\/wp-content\/uploads\/2022\/10\/vd16-bandeau.png\" \/>\n<meta name=\"twitter:card\" content=\"summary_large_image\" \/>\n<meta name=\"twitter:site\" content=\"@La16Fr\" \/>\n<meta name=\"twitter:label1\" content=\"Dur\u00e9e de lecture estim\u00e9e\" \/>\n\t<meta name=\"twitter:data1\" content=\"5 minutes\" \/>\n<script type=\"application\/ld+json\" class=\"yoast-schema-graph\">{\"@context\":\"https:\\\/\\\/schema.org\",\"@graph\":[{\"@type\":\"WebPage\",\"@id\":\"https:\\\/\\\/www.la16.fr\\\/fr\\\/voice-discover-16\\\/reglements-du-voice-discover-16\\\/\",\"url\":\"https:\\\/\\\/www.la16.fr\\\/fr\\\/voice-discover-16\\\/reglements-du-voice-discover-16\\\/\",\"name\":\"R\u00e8glements du Voice Discover 16 | LA16.fr en Charente\",\"isPartOf\":{\"@id\":\"https:\\\/\\\/www.la16.fr\\\/fr\\\/#website\"},\"primaryImageOfPage\":{\"@id\":\"https:\\\/\\\/www.la16.fr\\\/fr\\\/voice-discover-16\\\/reglements-du-voice-discover-16\\\/#primaryimage\"},\"image\":{\"@id\":\"https:\\\/\\\/www.la16.fr\\\/fr\\\/voice-discover-16\\\/reglements-du-voice-discover-16\\\/#primaryimage\"},\"thumbnailUrl\":\"https:\\\/\\\/www.la16.fr\\\/fr\\\/wp-content\\\/uploads\\\/2022\\\/10\\\/vd16-bandeau.png\",\"datePublished\":\"2022-10-25T11:03:08+00:00\",\"dateModified\":\"2023-02-23T21:56:07+00:00\",\"breadcrumb\":{\"@id\":\"https:\\\/\\\/www.la16.fr\\\/fr\\\/voice-discover-16\\\/reglements-du-voice-discover-16\\\/#breadcrumb\"},\"inLanguage\":\"fr-FR\",\"potentialAction\":[{\"@type\":\"ReadAction\",\"target\":[\"https:\\\/\\\/www.la16.fr\\\/fr\\\/voice-discover-16\\\/reglements-du-voice-discover-16\\\/\"]}]},{\"@type\":\"ImageObject\",\"inLanguage\":\"fr-FR\",\"@id\":\"https:\\\/\\\/www.la16.fr\\\/fr\\\/voice-discover-16\\\/reglements-du-voice-discover-16\\\/#primaryimage\",\"url\":\"https:\\\/\\\/www.la16.fr\\\/fr\\\/wp-content\\\/uploads\\\/2022\\\/10\\\/vd16-bandeau.png\",\"contentUrl\":\"https:\\\/\\\/www.la16.fr\\\/fr\\\/wp-content\\\/uploads\\\/2022\\\/10\\\/vd16-bandeau.png\",\"width\":1000,\"height\":300},{\"@type\":\"BreadcrumbList\",\"@id\":\"https:\\\/\\\/www.la16.fr\\\/fr\\\/voice-discover-16\\\/reglements-du-voice-discover-16\\\/#breadcrumb\",\"itemListElement\":[{\"@type\":\"ListItem\",\"position\":1,\"name\":\"Accueil\",\"item\":\"https:\\\/\\\/www.la16.fr\\\/fr\\\/\"},{\"@type\":\"ListItem\",\"position\":2,\"name\":\"Voice Discover 16\",\"item\":\"https:\\\/\\\/www.la16.fr\\\/fr\\\/voice-discover-16\\\/\"},{\"@type\":\"ListItem\",\"position\":3,\"name\":\"R\u00e8glements du Voice Discover 16\"}]},{\"@type\":\"WebSite\",\"@id\":\"https:\\\/\\\/www.la16.fr\\\/fr\\\/#website\",\"url\":\"https:\\\/\\\/www.la16.fr\\\/fr\\\/\",\"name\":\"LA16.fr en Charente\",\"description\":\"\",\"publisher\":{\"@id\":\"https:\\\/\\\/www.la16.fr\\\/fr\\\/#organization\"},\"potentialAction\":[{\"@type\":\"SearchAction\",\"target\":{\"@type\":\"EntryPoint\",\"urlTemplate\":\"https:\\\/\\\/www.la16.fr\\\/fr\\\/?s={search_term_string}\"},\"query-input\":{\"@type\":\"PropertyValueSpecification\",\"valueRequired\":true,\"valueName\":\"search_term_string\"}}],\"inLanguage\":\"fr-FR\"},{\"@type\":\"Organization\",\"@id\":\"https:\\\/\\\/www.la16.fr\\\/fr\\\/#organization\",\"name\":\"LA16\",\"url\":\"https:\\\/\\\/www.la16.fr\\\/fr\\\/\",\"logo\":{\"@type\":\"ImageObject\",\"inLanguage\":\"fr-FR\",\"@id\":\"https:\\\/\\\/www.la16.fr\\\/fr\\\/#\\\/schema\\\/logo\\\/image\\\/\",\"url\":\"https:\\\/\\\/www.la16.fr\\\/fr\\\/wp-content\\\/uploads\\\/2021\\\/08\\\/logo-2019-vectoriel-ok.png\",\"contentUrl\":\"https:\\\/\\\/www.la16.fr\\\/fr\\\/wp-content\\\/uploads\\\/2021\\\/08\\\/logo-2019-vectoriel-ok.png\",\"width\":500,\"height\":500,\"caption\":\"LA16\"},\"image\":{\"@id\":\"https:\\\/\\\/www.la16.fr\\\/fr\\\/#\\\/schema\\\/logo\\\/image\\\/\"},\"sameAs\":[\"https:\\\/\\\/www.facebook.com\\\/LA16fr\",\"https:\\\/\\\/x.com\\\/La16Fr\",\"https:\\\/\\\/www.instagram.com\\\/la16fr\\\/\",\"https:\\\/\\\/www.youtube.com\\\/channel\\\/UCdWiToB8k03CX56jPTUr07A\"]}]}<\/script>\n<!-- \/ Yoast SEO plugin. -->","yoast_head_json":{"title":"R\u00e8glements du Voice Discover 16 | LA16.fr en Charente","robots":{"index":"index","follow":"follow","max-snippet":"max-snippet:-1","max-image-preview":"max-image-preview:large","max-video-preview":"max-video-preview:-1"},"canonical":"https:\/\/www.la16.fr\/fr\/voice-discover-16\/reglements-du-voice-discover-16\/","og_locale":"fr_FR","og_type":"article","og_title":"R\u00e8glements du Voice Discover 16 | LA16.fr en Charente","og_description":"R\u00e8glements du voice discover 16 R\u00e8glement de la participation au casting Voice Discover 16. LA16 en partenariat avec Charley Dejean Productions et No&rsquo; Mad Custom Leather organisent un casting \u00e0 destination des artistes musicaux charentais. Ce casting se d\u00e9roule en plusieurs \u00e9tapes : Pr\u00e9s\u00e9lection au casting jusqu&rsquo;au 10 f\u00e9vrier 2023 [...]","og_url":"https:\/\/www.la16.fr\/fr\/voice-discover-16\/reglements-du-voice-discover-16\/","og_site_name":"LA16.fr en Charente","article_publisher":"https:\/\/www.facebook.com\/LA16fr","article_modified_time":"2023-02-23T21:56:07+00:00","og_image":[{"url":"https:\/\/www.la16.fr\/fr\/wp-content\/uploads\/2022\/10\/vd16-bandeau.png","type":"","width":"","height":""}],"twitter_card":"summary_large_image","twitter_site":"@La16Fr","twitter_misc":{"Dur\u00e9e de lecture estim\u00e9e":"5 minutes"},"schema":{"@context":"https:\/\/schema.org","@graph":[{"@type":"WebPage","@id":"https:\/\/www.la16.fr\/fr\/voice-discover-16\/reglements-du-voice-discover-16\/","url":"https:\/\/www.la16.fr\/fr\/voice-discover-16\/reglements-du-voice-discover-16\/","name":"R\u00e8glements du Voice Discover 16 | LA16.fr en Charente","isPartOf":{"@id":"https:\/\/www.la16.fr\/fr\/#website"},"primaryImageOfPage":{"@id":"https:\/\/www.la16.fr\/fr\/voice-discover-16\/reglements-du-voice-discover-16\/#primaryimage"},"image":{"@id":"https:\/\/www.la16.fr\/fr\/voice-discover-16\/reglements-du-voice-discover-16\/#primaryimage"},"thumbnailUrl":"https:\/\/www.la16.fr\/fr\/wp-content\/uploads\/2022\/10\/vd16-bandeau.png","datePublished":"2022-10-25T11:03:08+00:00","dateModified":"2023-02-23T21:56:07+00:00","breadcrumb":{"@id":"https:\/\/www.la16.fr\/fr\/voice-discover-16\/reglements-du-voice-discover-16\/#breadcrumb"},"inLanguage":"fr-FR","potentialAction":[{"@type":"ReadAction","target":["https:\/\/www.la16.fr\/fr\/voice-discover-16\/reglements-du-voice-discover-16\/"]}]},{"@type":"ImageObject","inLanguage":"fr-FR","@id":"https:\/\/www.la16.fr\/fr\/voice-discover-16\/reglements-du-voice-discover-16\/#primaryimage","url":"https:\/\/www.la16.fr\/fr\/wp-content\/uploads\/2022\/10\/vd16-bandeau.png","contentUrl":"https:\/\/www.la16.fr\/fr\/wp-content\/uploads\/2022\/10\/vd16-bandeau.png","width":1000,"height":300},{"@type":"BreadcrumbList","@id":"https:\/\/www.la16.fr\/fr\/voice-discover-16\/reglements-du-voice-discover-16\/#breadcrumb","itemListElement":[{"@type":"ListItem","position":1,"name":"Accueil","item":"https:\/\/www.la16.fr\/fr\/"},{"@type":"ListItem","position":2,"name":"Voice Discover 16","item":"https:\/\/www.la16.fr\/fr\/voice-discover-16\/"},{"@type":"ListItem","position":3,"name":"R\u00e8glements du Voice Discover 16"}]},{"@type":"WebSite","@id":"https:\/\/www.la16.fr\/fr\/#website","url":"https:\/\/www.la16.fr\/fr\/","name":"LA16.fr en Charente","description":"","publisher":{"@id":"https:\/\/www.la16.fr\/fr\/#organization"},"potentialAction":[{"@type":"SearchAction","target":{"@type":"EntryPoint","urlTemplate":"https:\/\/www.la16.fr\/fr\/?s={search_term_string}"},"query-input":{"@type":"PropertyValueSpecification","valueRequired":true,"valueName":"search_term_string"}}],"inLanguage":"fr-FR"},{"@type":"Organization","@id":"https:\/\/www.la16.fr\/fr\/#organization","name":"LA16","url":"https:\/\/www.la16.fr\/fr\/","logo":{"@type":"ImageObject","inLanguage":"fr-FR","@id":"https:\/\/www.la16.fr\/fr\/#\/schema\/logo\/image\/","url":"https:\/\/www.la16.fr\/fr\/wp-content\/uploads\/2021\/08\/logo-2019-vectoriel-ok.png","contentUrl":"https:\/\/www.la16.fr\/fr\/wp-content\/uploads\/2021\/08\/logo-2019-vectoriel-ok.png","width":500,"height":500,"caption":"LA16"},"image":{"@id":"https:\/\/www.la16.fr\/fr\/#\/schema\/logo\/image\/"},"sameAs":["https:\/\/www.facebook.com\/LA16fr","https:\/\/x.com\/La16Fr","https:\/\/www.instagram.com\/la16fr\/","https:\/\/www.youtube.com\/channel\/UCdWiToB8k03CX56jPTUr07A"]}]}},"_links":{"self":[{"href":"https:\/\/www.la16.fr\/fr\/wp-json\/wp\/v2\/pages\/12318","targetHints":{"allow":["GET"]}}],"collection":[{"href":"https:\/\/www.la16.fr\/fr\/wp-json\/wp\/v2\/pages"}],"about":[{"href":"https:\/\/www.la16.fr\/fr\/wp-json\/wp\/v2\/types\/page"}],"author":[{"embeddable":true,"href":"https:\/\/www.la16.fr\/fr\/wp-json\/wp\/v2\/users\/1"}],"replies":[{"embeddable":true,"href":"https:\/\/www.la16.fr\/fr\/wp-json\/wp\/v2\/comments?post=12318"}],"version-history":[{"count":0,"href":"https:\/\/www.la16.fr\/fr\/wp-json\/wp\/v2\/pages\/12318\/revisions"}],"up":[{"embeddable":true,"href":"https:\/\/www.la16.fr\/fr\/wp-json\/wp\/v2\/pages\/12105"}],"wp:attachment":[{"href":"https:\/\/www.la16.fr\/fr\/wp-json\/wp\/v2\/media?parent=12318"}],"curies":[{"name":"wp","href":"https:\/\/api.w.org\/{rel}","templated":true}]}}