{"id":129,"date":"2019-03-17T00:32:41","date_gmt":"2019-03-16T23:32:41","guid":{"rendered":"https:\/\/www.la16.fr\/fr\/?page_id=129"},"modified":"2022-02-19T21:38:04","modified_gmt":"2022-02-19T20:38:04","slug":"diffusez-votre-titre-sur-la6-fr","status":"publish","type":"page","link":"https:\/\/www.la16.fr\/fr\/diffusez-votre-titre-sur-la6-fr\/","title":{"rendered":"Diffusez votre titre sur la6.fr"},"content":{"rendered":"<div id=\"modal-ready\">\t\t<div data-elementor-type=\"wp-page\" data-elementor-id=\"129\" class=\"elementor elementor-129\" data-elementor-post-type=\"page\">\n\t\t\t\t\t\t<section class=\"elementor-section elementor-top-section elementor-element elementor-element-5bfd1d4a elementor-section-stretched elementor-section-boxed elementor-section-height-default elementor-section-height-default\" data-id=\"5bfd1d4a\" data-element_type=\"section\" data-e-type=\"section\" data-settings=\"{&quot;stretch_section&quot;:&quot;section-stretched&quot;}\">\n\t\t\t\t\t\t<div class=\"elementor-container elementor-column-gap-default\">\n\t\t\t\t\t<div class=\"elementor-column elementor-col-100 elementor-top-column elementor-element elementor-element-2b275397\" data-id=\"2b275397\" data-element_type=\"column\" data-e-type=\"column\">\n\t\t\t<div class=\"elementor-widget-wrap elementor-element-populated\">\n\t\t\t\t\t\t<div class=\"elementor-element elementor-element-a56b3dc elementor-widget elementor-widget-proradio-elementor-section-caption\" data-id=\"a56b3dc\" data-element_type=\"widget\" data-e-type=\"widget\" data-widget_type=\"proradio-elementor-section-caption.default\">\n\t\t\t\t<div class=\"elementor-widget-container\">\n\t\t\t\t\t\n\t\t<div class=\"proradio-section-caption  proradio-section-caption--m\">\n\n\t\t\t\t\t\t\t<h2 id=\"proradiotabsfcadce-diffusezvotretitre\" class=\"proradio-center proradio-capfont proradio-proradiotabsfcadce-diffusezvotretitre proradio-txtfx-oslo-container proradio-textfx-wrap \">\n\t\t\t\t\t\t\t\t\t\t\t\t<span class=\"proradio-txtfx proradio-txtfx--oslo\" data-qtwaypoints-offset=\"50\" data-qtwaypoints >\n\t\t\t\t\t\t\t\t<span>D<\/span><span>i<\/span><span>f<\/span><span>f<\/span><span>u<\/span><span>s<\/span><span>e<\/span><span>z<\/span><span> <\/span><span>v<\/span><span>o<\/span><span>t<\/span><span>r<\/span><span>e<\/span><span> <\/span><span>t<\/span><span>i<\/span><span>t<\/span><span>r<\/span><span>e<\/span>\t\t\t\t\t\t\t<\/span>\n\t\t\t\t\t\t\t\t\t\t\t<\/h2>\n\t\t\t\t\t\t<\/div>\n\t\t\t\t<div data-proradio-customstyles=\".proradio-proradiotabsfcadce-diffusezvotretitre .proradio-txtfx--oslo span  { color: #999999}\n\t\t\t\t\t\t\t.proradio-proradiotabsfcadce-diffusezvotretitre .proradio-txtfx--oslo.proradio-active span  { color: #999999}\n\t\t\t\t\t\t\t.proradio-proradiotabsfcadce-diffusezvotretitre .proradio-txtfx--oslo::before { border-color: #FF0056}\"><\/div>\n\t\t\t\t\t\t<\/div>\n\t\t\t\t<\/div>\n\t\t\t\t\t<\/div>\n\t\t<\/div>\n\t\t\t\t\t<\/div>\n\t\t<\/section>\n\t\t\t\t<section class=\"elementor-section elementor-top-section elementor-element elementor-element-4906345 elementor-section-stretched elementor-section-boxed elementor-section-height-default elementor-section-height-default\" data-id=\"4906345\" data-element_type=\"section\" data-e-type=\"section\" data-settings=\"{&quot;stretch_section&quot;:&quot;section-stretched&quot;}\">\n\t\t\t\t\t\t<div class=\"elementor-container elementor-column-gap-default\">\n\t\t\t\t\t<div class=\"elementor-column elementor-col-50 elementor-top-column elementor-element elementor-element-e42d16e\" data-id=\"e42d16e\" data-element_type=\"column\" data-e-type=\"column\">\n\t\t\t<div class=\"elementor-widget-wrap elementor-element-populated\">\n\t\t\t\t\t\t<div class=\"elementor-element elementor-element-3f27e86b elementor-widget elementor-widget-text-editor\" data-id=\"3f27e86b\" data-element_type=\"widget\" data-e-type=\"widget\" data-widget_type=\"text-editor.default\">\n\t\t\t\t<div class=\"elementor-widget-container\">\n\t\t\t\t\t\t\t\t\t<p>Pour diffuser votre titre sur LA16.fr c&rsquo;est tout simple !<\/p><p>Remplissez le formulaire ci-contre en suivant les instructions suivantes :<\/p><ul><li>Privil\u00e9giez le format WAV ou MP3 320 KBPS<\/li><li>Envoyez nous \u00e9galement un texte audio d&rsquo;un dur\u00e9e de 20 secondes, pour pr\u00e9senter votre titre.<\/li><li>Si vous avez un visuel c&rsquo;est encore mieux !<\/li><\/ul><p><a href=\"https:\/\/www.la16.fr\/fr\/wp-content\/uploads\/2019\/03\/media-kit-la16.pdf\">T\u00e9l\u00e9chargez le m\u00e9dia-kit<\/a> pour plus d&rsquo;information.<\/p><p>Vous pouvez \u00e9galement nous faire un wetransfert ou autre et nous l&rsquo;envoyer par mail :<a href=\"mailto:contact16@la16.fr\"> contact16@la16.fr<\/a><\/p><p>Merci.<\/p>\t\t\t\t\t\t\t\t<\/div>\n\t\t\t\t<\/div>\n\t\t\t\t\t<\/div>\n\t\t<\/div>\n\t\t\t\t<div class=\"elementor-column elementor-col-50 elementor-top-column elementor-element elementor-element-03406d5\" data-id=\"03406d5\" data-element_type=\"column\" data-e-type=\"column\">\n\t\t\t<div class=\"elementor-widget-wrap elementor-element-populated\">\n\t\t\t\t\t\t<div class=\"elementor-element elementor-element-4e4653d elementor-widget elementor-widget-text-editor\" data-id=\"4e4653d\" data-element_type=\"widget\" data-e-type=\"widget\" data-widget_type=\"text-editor.default\">\n\t\t\t\t<div class=\"elementor-widget-container\">\n\t\t\t\t\t\t\t\t\t<p>[contact-form-7 id=\u00a0\u00bb307&Prime; title=\u00a0\u00bbArtistes\u00a0\u00bb]<\/p>\t\t\t\t\t\t\t\t<\/div>\n\t\t\t\t<\/div>\n\t\t\t\t\t<\/div>\n\t\t<\/div>\n\t\t\t\t\t<\/div>\n\t\t<\/section>\n\t\t\t\t<\/div>\n\t\t<\/div>","protected":false},"excerpt":{"rendered":"<p>Diffusez votre titre Pour diffuser votre titre sur LA16.fr c&rsquo;est tout simple ! Remplissez le formulaire ci-contre en suivant les instructions suivantes : Privil\u00e9giez le format WAV ou MP3 320 KBPS Envoyez nous \u00e9galement un texte audio d&rsquo;un dur\u00e9e de 20 secondes, pour pr\u00e9senter votre titre. Si vous avez un ...<\/p>\n","protected":false},"author":1,"featured_media":890,"parent":0,"menu_order":0,"comment_status":"closed","ping_status":"closed","template":"","meta":{"footnotes":""},"class_list":["post-129","page","type-page","status-publish","has-post-thumbnail","hentry"],"yoast_head":"<!-- This site is optimized with the Yoast SEO plugin v27.5 - https:\/\/yoast.com\/product\/yoast-seo-wordpress\/ -->\n<title>Diffusez votre titre sur la6.fr | LA16.fr en Charente<\/title>\n<meta name=\"robots\" content=\"index, follow, max-snippet:-1, max-image-preview:large, max-video-preview:-1\" \/>\n<link rel=\"canonical\" href=\"https:\/\/www.la16.fr\/fr\/diffusez-votre-titre-sur-la6-fr\/\" \/>\n<meta property=\"og:locale\" content=\"fr_FR\" \/>\n<meta property=\"og:type\" content=\"article\" \/>\n<meta property=\"og:title\" content=\"Diffusez votre titre sur la6.fr | LA16.fr en Charente\" \/>\n<meta property=\"og:description\" content=\"Diffusez votre titre Pour diffuser votre titre sur LA16.fr c&rsquo;est tout simple ! Remplissez le formulaire ci-contre en suivant les instructions suivantes : Privil\u00e9giez le format WAV ou MP3 320 KBPS Envoyez nous \u00e9galement un texte audio d&rsquo;un dur\u00e9e de 20 secondes, pour pr\u00e9senter votre titre. Si vous avez un [...]\" \/>\n<meta property=\"og:url\" content=\"https:\/\/www.la16.fr\/fr\/diffusez-votre-titre-sur-la6-fr\/\" \/>\n<meta property=\"og:site_name\" content=\"LA16.fr en Charente\" \/>\n<meta property=\"article:publisher\" content=\"https:\/\/www.facebook.com\/LA16fr\" \/>\n<meta property=\"article:modified_time\" content=\"2022-02-19T20:38:04+00:00\" \/>\n<meta property=\"og:image\" content=\"https:\/\/www.la16.fr\/fr\/wp-content\/uploads\/2020\/02\/logo-ind\u00e916.png\" \/>\n\t<meta property=\"og:image:width\" content=\"595\" \/>\n\t<meta property=\"og:image:height\" content=\"595\" \/>\n\t<meta property=\"og:image:type\" content=\"image\/png\" \/>\n<meta name=\"twitter:card\" content=\"summary_large_image\" \/>\n<meta name=\"twitter:site\" content=\"@La16Fr\" \/>\n<meta name=\"twitter:label1\" content=\"Dur\u00e9e de lecture estim\u00e9e\" \/>\n\t<meta name=\"twitter:data1\" content=\"1 minute\" \/>\n<script type=\"application\/ld+json\" class=\"yoast-schema-graph\">{\"@context\":\"https:\\\/\\\/schema.org\",\"@graph\":[{\"@type\":\"WebPage\",\"@id\":\"https:\\\/\\\/www.la16.fr\\\/fr\\\/diffusez-votre-titre-sur-la6-fr\\\/\",\"url\":\"https:\\\/\\\/www.la16.fr\\\/fr\\\/diffusez-votre-titre-sur-la6-fr\\\/\",\"name\":\"Diffusez votre titre sur la6.fr | LA16.fr en Charente\",\"isPartOf\":{\"@id\":\"https:\\\/\\\/www.la16.fr\\\/fr\\\/#website\"},\"primaryImageOfPage\":{\"@id\":\"https:\\\/\\\/www.la16.fr\\\/fr\\\/diffusez-votre-titre-sur-la6-fr\\\/#primaryimage\"},\"image\":{\"@id\":\"https:\\\/\\\/www.la16.fr\\\/fr\\\/diffusez-votre-titre-sur-la6-fr\\\/#primaryimage\"},\"thumbnailUrl\":\"https:\\\/\\\/www.la16.fr\\\/fr\\\/wp-content\\\/uploads\\\/2020\\\/02\\\/logo-ind\u00e916.png\",\"datePublished\":\"2019-03-16T23:32:41+00:00\",\"dateModified\":\"2022-02-19T20:38:04+00:00\",\"breadcrumb\":{\"@id\":\"https:\\\/\\\/www.la16.fr\\\/fr\\\/diffusez-votre-titre-sur-la6-fr\\\/#breadcrumb\"},\"inLanguage\":\"fr-FR\",\"potentialAction\":[{\"@type\":\"ReadAction\",\"target\":[\"https:\\\/\\\/www.la16.fr\\\/fr\\\/diffusez-votre-titre-sur-la6-fr\\\/\"]}]},{\"@type\":\"ImageObject\",\"inLanguage\":\"fr-FR\",\"@id\":\"https:\\\/\\\/www.la16.fr\\\/fr\\\/diffusez-votre-titre-sur-la6-fr\\\/#primaryimage\",\"url\":\"https:\\\/\\\/www.la16.fr\\\/fr\\\/wp-content\\\/uploads\\\/2020\\\/02\\\/logo-ind\u00e916.png\",\"contentUrl\":\"https:\\\/\\\/www.la16.fr\\\/fr\\\/wp-content\\\/uploads\\\/2020\\\/02\\\/logo-ind\u00e916.png\",\"width\":595,\"height\":595},{\"@type\":\"BreadcrumbList\",\"@id\":\"https:\\\/\\\/www.la16.fr\\\/fr\\\/diffusez-votre-titre-sur-la6-fr\\\/#breadcrumb\",\"itemListElement\":[{\"@type\":\"ListItem\",\"position\":1,\"name\":\"Accueil\",\"item\":\"https:\\\/\\\/www.la16.fr\\\/fr\\\/\"},{\"@type\":\"ListItem\",\"position\":2,\"name\":\"Diffusez votre titre sur la6.fr\"}]},{\"@type\":\"WebSite\",\"@id\":\"https:\\\/\\\/www.la16.fr\\\/fr\\\/#website\",\"url\":\"https:\\\/\\\/www.la16.fr\\\/fr\\\/\",\"name\":\"LA16.fr en Charente\",\"description\":\"\",\"publisher\":{\"@id\":\"https:\\\/\\\/www.la16.fr\\\/fr\\\/#organization\"},\"potentialAction\":[{\"@type\":\"SearchAction\",\"target\":{\"@type\":\"EntryPoint\",\"urlTemplate\":\"https:\\\/\\\/www.la16.fr\\\/fr\\\/?s={search_term_string}\"},\"query-input\":{\"@type\":\"PropertyValueSpecification\",\"valueRequired\":true,\"valueName\":\"search_term_string\"}}],\"inLanguage\":\"fr-FR\"},{\"@type\":\"Organization\",\"@id\":\"https:\\\/\\\/www.la16.fr\\\/fr\\\/#organization\",\"name\":\"LA16\",\"url\":\"https:\\\/\\\/www.la16.fr\\\/fr\\\/\",\"logo\":{\"@type\":\"ImageObject\",\"inLanguage\":\"fr-FR\",\"@id\":\"https:\\\/\\\/www.la16.fr\\\/fr\\\/#\\\/schema\\\/logo\\\/image\\\/\",\"url\":\"https:\\\/\\\/www.la16.fr\\\/fr\\\/wp-content\\\/uploads\\\/2021\\\/08\\\/logo-2019-vectoriel-ok.png\",\"contentUrl\":\"https:\\\/\\\/www.la16.fr\\\/fr\\\/wp-content\\\/uploads\\\/2021\\\/08\\\/logo-2019-vectoriel-ok.png\",\"width\":500,\"height\":500,\"caption\":\"LA16\"},\"image\":{\"@id\":\"https:\\\/\\\/www.la16.fr\\\/fr\\\/#\\\/schema\\\/logo\\\/image\\\/\"},\"sameAs\":[\"https:\\\/\\\/www.facebook.com\\\/LA16fr\",\"https:\\\/\\\/x.com\\\/La16Fr\",\"https:\\\/\\\/www.instagram.com\\\/la16fr\\\/\",\"https:\\\/\\\/www.youtube.com\\\/channel\\\/UCdWiToB8k03CX56jPTUr07A\"]}]}<\/script>\n<!-- \/ Yoast SEO plugin. -->","yoast_head_json":{"title":"Diffusez votre titre sur la6.fr | LA16.fr en Charente","robots":{"index":"index","follow":"follow","max-snippet":"max-snippet:-1","max-image-preview":"max-image-preview:large","max-video-preview":"max-video-preview:-1"},"canonical":"https:\/\/www.la16.fr\/fr\/diffusez-votre-titre-sur-la6-fr\/","og_locale":"fr_FR","og_type":"article","og_title":"Diffusez votre titre sur la6.fr | LA16.fr en Charente","og_description":"Diffusez votre titre Pour diffuser votre titre sur LA16.fr c&rsquo;est tout simple ! Remplissez le formulaire ci-contre en suivant les instructions suivantes : Privil\u00e9giez le format WAV ou MP3 320 KBPS Envoyez nous \u00e9galement un texte audio d&rsquo;un dur\u00e9e de 20 secondes, pour pr\u00e9senter votre titre. Si vous avez un [...]","og_url":"https:\/\/www.la16.fr\/fr\/diffusez-votre-titre-sur-la6-fr\/","og_site_name":"LA16.fr en Charente","article_publisher":"https:\/\/www.facebook.com\/LA16fr","article_modified_time":"2022-02-19T20:38:04+00:00","og_image":[{"width":595,"height":595,"url":"https:\/\/www.la16.fr\/fr\/wp-content\/uploads\/2020\/02\/logo-ind\u00e916.png","type":"image\/png"}],"twitter_card":"summary_large_image","twitter_site":"@La16Fr","twitter_misc":{"Dur\u00e9e de lecture estim\u00e9e":"1 minute"},"schema":{"@context":"https:\/\/schema.org","@graph":[{"@type":"WebPage","@id":"https:\/\/www.la16.fr\/fr\/diffusez-votre-titre-sur-la6-fr\/","url":"https:\/\/www.la16.fr\/fr\/diffusez-votre-titre-sur-la6-fr\/","name":"Diffusez votre titre sur la6.fr | LA16.fr en Charente","isPartOf":{"@id":"https:\/\/www.la16.fr\/fr\/#website"},"primaryImageOfPage":{"@id":"https:\/\/www.la16.fr\/fr\/diffusez-votre-titre-sur-la6-fr\/#primaryimage"},"image":{"@id":"https:\/\/www.la16.fr\/fr\/diffusez-votre-titre-sur-la6-fr\/#primaryimage"},"thumbnailUrl":"https:\/\/www.la16.fr\/fr\/wp-content\/uploads\/2020\/02\/logo-ind\u00e916.png","datePublished":"2019-03-16T23:32:41+00:00","dateModified":"2022-02-19T20:38:04+00:00","breadcrumb":{"@id":"https:\/\/www.la16.fr\/fr\/diffusez-votre-titre-sur-la6-fr\/#breadcrumb"},"inLanguage":"fr-FR","potentialAction":[{"@type":"ReadAction","target":["https:\/\/www.la16.fr\/fr\/diffusez-votre-titre-sur-la6-fr\/"]}]},{"@type":"ImageObject","inLanguage":"fr-FR","@id":"https:\/\/www.la16.fr\/fr\/diffusez-votre-titre-sur-la6-fr\/#primaryimage","url":"https:\/\/www.la16.fr\/fr\/wp-content\/uploads\/2020\/02\/logo-ind\u00e916.png","contentUrl":"https:\/\/www.la16.fr\/fr\/wp-content\/uploads\/2020\/02\/logo-ind\u00e916.png","width":595,"height":595},{"@type":"BreadcrumbList","@id":"https:\/\/www.la16.fr\/fr\/diffusez-votre-titre-sur-la6-fr\/#breadcrumb","itemListElement":[{"@type":"ListItem","position":1,"name":"Accueil","item":"https:\/\/www.la16.fr\/fr\/"},{"@type":"ListItem","position":2,"name":"Diffusez votre titre sur la6.fr"}]},{"@type":"WebSite","@id":"https:\/\/www.la16.fr\/fr\/#website","url":"https:\/\/www.la16.fr\/fr\/","name":"LA16.fr en Charente","description":"","publisher":{"@id":"https:\/\/www.la16.fr\/fr\/#organization"},"potentialAction":[{"@type":"SearchAction","target":{"@type":"EntryPoint","urlTemplate":"https:\/\/www.la16.fr\/fr\/?s={search_term_string}"},"query-input":{"@type":"PropertyValueSpecification","valueRequired":true,"valueName":"search_term_string"}}],"inLanguage":"fr-FR"},{"@type":"Organization","@id":"https:\/\/www.la16.fr\/fr\/#organization","name":"LA16","url":"https:\/\/www.la16.fr\/fr\/","logo":{"@type":"ImageObject","inLanguage":"fr-FR","@id":"https:\/\/www.la16.fr\/fr\/#\/schema\/logo\/image\/","url":"https:\/\/www.la16.fr\/fr\/wp-content\/uploads\/2021\/08\/logo-2019-vectoriel-ok.png","contentUrl":"https:\/\/www.la16.fr\/fr\/wp-content\/uploads\/2021\/08\/logo-2019-vectoriel-ok.png","width":500,"height":500,"caption":"LA16"},"image":{"@id":"https:\/\/www.la16.fr\/fr\/#\/schema\/logo\/image\/"},"sameAs":["https:\/\/www.facebook.com\/LA16fr","https:\/\/x.com\/La16Fr","https:\/\/www.instagram.com\/la16fr\/","https:\/\/www.youtube.com\/channel\/UCdWiToB8k03CX56jPTUr07A"]}]}},"_links":{"self":[{"href":"https:\/\/www.la16.fr\/fr\/wp-json\/wp\/v2\/pages\/129","targetHints":{"allow":["GET"]}}],"collection":[{"href":"https:\/\/www.la16.fr\/fr\/wp-json\/wp\/v2\/pages"}],"about":[{"href":"https:\/\/www.la16.fr\/fr\/wp-json\/wp\/v2\/types\/page"}],"author":[{"embeddable":true,"href":"https:\/\/www.la16.fr\/fr\/wp-json\/wp\/v2\/users\/1"}],"replies":[{"embeddable":true,"href":"https:\/\/www.la16.fr\/fr\/wp-json\/wp\/v2\/comments?post=129"}],"version-history":[{"count":0,"href":"https:\/\/www.la16.fr\/fr\/wp-json\/wp\/v2\/pages\/129\/revisions"}],"wp:featuredmedia":[{"embeddable":true,"href":"https:\/\/www.la16.fr\/fr\/wp-json\/wp\/v2\/media\/890"}],"wp:attachment":[{"href":"https:\/\/www.la16.fr\/fr\/wp-json\/wp\/v2\/media?parent=129"}],"curies":[{"name":"wp","href":"https:\/\/api.w.org\/{rel}","templated":true}]}}