{"id":23384,"date":"2024-12-28T14:22:04","date_gmt":"2024-12-28T13:22:04","guid":{"rendered":"https:\/\/www.la16.fr\/fr\/?page_id=23384"},"modified":"2026-04-28T11:38:35","modified_gmt":"2026-04-28T09:38:35","slug":"les-cagouilles-montbronnaises","status":"publish","type":"page","link":"https:\/\/www.la16.fr\/fr\/les-cagouilles-montbronnaises\/","title":{"rendered":"Les Cagouilles Montbronnaises"},"content":{"rendered":"<div id=\"modal-ready\">\t\t<div data-elementor-type=\"wp-page\" data-elementor-id=\"23384\" class=\"elementor elementor-23384\" data-elementor-post-type=\"page\">\n\t\t\t\t\t\t<section class=\"elementor-section elementor-top-section elementor-element elementor-element-80706b4 elementor-section-stretched elementor-section-boxed elementor-section-height-default elementor-section-height-default\" data-id=\"80706b4\" data-element_type=\"section\" data-e-type=\"section\" data-settings=\"{&quot;stretch_section&quot;:&quot;section-stretched&quot;}\">\n\t\t\t\t\t\t<div class=\"elementor-container elementor-column-gap-default\">\n\t\t\t\t\t<div class=\"elementor-column elementor-col-100 elementor-top-column elementor-element elementor-element-3ac1ac5\" data-id=\"3ac1ac5\" data-element_type=\"column\" data-e-type=\"column\">\n\t\t\t<div class=\"elementor-widget-wrap elementor-element-populated\">\n\t\t\t\t\t\t<div class=\"elementor-element elementor-element-1e2c276 elementor-widget elementor-widget-image\" data-id=\"1e2c276\" data-element_type=\"widget\" data-e-type=\"widget\" data-widget_type=\"image.default\">\n\t\t\t\t<div class=\"elementor-widget-container\">\n\t\t\t\t\t\t\t\t\t\t\t\t\t\t\t<img decoding=\"async\" width=\"1170\" height=\"152\" src=\"https:\/\/www.la16.fr\/fr\/wp-content\/uploads\/2026\/04\/bandeau-cagouille-2026-1170x152.png\" class=\"attachment-large size-large wp-image-24590\" alt=\"\" srcset=\"https:\/\/www.la16.fr\/fr\/wp-content\/uploads\/2026\/04\/bandeau-cagouille-2026-1170x152.png 1170w, https:\/\/www.la16.fr\/fr\/wp-content\/uploads\/2026\/04\/bandeau-cagouille-2026-770x100.png 770w, https:\/\/www.la16.fr\/fr\/wp-content\/uploads\/2026\/04\/bandeau-cagouille-2026-768x100.png 768w, https:\/\/www.la16.fr\/fr\/wp-content\/uploads\/2026\/04\/bandeau-cagouille-2026-1536x200.png 1536w, https:\/\/www.la16.fr\/fr\/wp-content\/uploads\/2026\/04\/bandeau-cagouille-2026.png 1920w\" sizes=\"(max-width: 1170px) 100vw, 1170px\" \/>\t\t\t\t\t\t\t\t\t\t\t\t\t\t\t<\/div>\n\t\t\t\t<\/div>\n\t\t\t\t<div class=\"elementor-element elementor-element-7d669ae elementor-widget elementor-widget-text-editor\" data-id=\"7d669ae\" data-element_type=\"widget\" data-e-type=\"widget\" data-widget_type=\"text-editor.default\">\n\t\t\t\t<div class=\"elementor-widget-container\">\n\t\t\t\t\t\t\t\t\t<h1>Les Cagouilles Montbronnaises :<\/h1><p data-start=\"43\" data-end=\"100\"><strong data-start=\"43\" data-end=\"100\">Annulation \u2013 Brocante \u00ab\u00a0Les Cagouilles Montbronnaises\u00a0\u00bb<\/strong><\/p><p data-start=\"102\" data-end=\"256\">Nous vous informons que la brocante <strong data-start=\"138\" data-end=\"173\">\u00ab\u00a0Les Cagouilles Montbronnaises\u00a0\u00bb<\/strong>, pr\u00e9vue le <strong data-start=\"185\" data-end=\"199\">8 mai 2026<\/strong> au camping de Montbron, est malheureusement <strong data-start=\"244\" data-end=\"255\">annul\u00e9e<\/strong>.<\/p><p data-start=\"258\" data-end=\"379\">Nous vous remercions pour votre compr\u00e9hension et esp\u00e9rons vous retrouver tr\u00e8s prochainement lors d\u2019un prochain \u00e9v\u00e9nement.<\/p><p data-start=\"381\" data-end=\"423\"><strong data-start=\"381\" data-end=\"423\">L\u2019\u00e9quipe des Cagouilles Montbronnaises<\/strong><\/p>\t\t\t\t\t\t\t\t<\/div>\n\t\t\t\t<\/div>\n\t\t\t\t\t<\/div>\n\t\t<\/div>\n\t\t\t\t\t<\/div>\n\t\t<\/section>\n\t\t\t\t<section class=\"elementor-section elementor-top-section elementor-element elementor-element-13c0c9e elementor-section-full_width elementor-section-stretched elementor-section-height-default elementor-section-height-default\" data-id=\"13c0c9e\" data-element_type=\"section\" data-e-type=\"section\" data-settings=\"{&quot;stretch_section&quot;:&quot;section-stretched&quot;}\">\n\t\t\t\t\t\t<div class=\"elementor-container elementor-column-gap-default\">\n\t\t\t\t\t<div class=\"elementor-column elementor-col-100 elementor-top-column elementor-element elementor-element-3e181a5\" data-id=\"3e181a5\" data-element_type=\"column\" data-e-type=\"column\">\n\t\t\t<div class=\"elementor-widget-wrap elementor-element-populated\">\n\t\t\t\t\t\t<div class=\"elementor-element elementor-element-7ef06b7 elementor-widget elementor-widget-text-editor\" data-id=\"7ef06b7\" data-element_type=\"widget\" data-e-type=\"widget\" data-widget_type=\"text-editor.default\">\n\t\t\t\t<div class=\"elementor-widget-container\">\n\t\t\t\t\t\t\t\t\t<p style=\"text-align: center;\">Les Cagouilles Montbronnaises c&rsquo;est dans :<\/p>\t\t\t\t\t\t\t\t<\/div>\n\t\t\t\t<\/div>\n\t\t\t\t\t<\/div>\n\t\t<\/div>\n\t\t\t\t\t<\/div>\n\t\t<\/section>\n\t\t\t\t<\/div>\n\t\t<\/div>","protected":false},"excerpt":{"rendered":"<p>Les Cagouilles Montbronnaises : Annulation \u2013 Brocante \u00ab\u00a0Les Cagouilles Montbronnaises\u00a0\u00bb Nous vous informons que la brocante \u00ab\u00a0Les Cagouilles Montbronnaises\u00a0\u00bb, pr\u00e9vue le 8 mai 2026 au camping de Montbron, est malheureusement annul\u00e9e. Nous vous remercions pour votre compr\u00e9hension et esp\u00e9rons vous retrouver tr\u00e8s prochainement lors d\u2019un prochain \u00e9v\u00e9nement. L\u2019\u00e9quipe des Cagouilles ...<\/p>\n","protected":false},"author":1,"featured_media":24177,"parent":0,"menu_order":0,"comment_status":"closed","ping_status":"closed","template":"","meta":{"footnotes":""},"class_list":["post-23384","page","type-page","status-publish","has-post-thumbnail","hentry"],"yoast_head":"<!-- This site is optimized with the Yoast SEO plugin v27.5 - https:\/\/yoast.com\/product\/yoast-seo-wordpress\/ -->\n<title>Les Cagouilles Montbronnaises | LA16.fr en Charente<\/title>\n<meta name=\"robots\" content=\"index, follow, max-snippet:-1, max-image-preview:large, max-video-preview:-1\" \/>\n<link rel=\"canonical\" href=\"https:\/\/www.la16.fr\/fr\/les-cagouilles-montbronnaises\/\" \/>\n<meta property=\"og:locale\" content=\"fr_FR\" \/>\n<meta property=\"og:type\" content=\"article\" \/>\n<meta property=\"og:title\" content=\"Les Cagouilles Montbronnaises | LA16.fr en Charente\" \/>\n<meta property=\"og:description\" content=\"Les Cagouilles Montbronnaises : Annulation \u2013 Brocante \u00ab\u00a0Les Cagouilles Montbronnaises\u00a0\u00bb Nous vous informons que la brocante \u00ab\u00a0Les Cagouilles Montbronnaises\u00a0\u00bb, pr\u00e9vue le 8 mai 2026 au camping de Montbron, est malheureusement annul\u00e9e. Nous vous remercions pour votre compr\u00e9hension et esp\u00e9rons vous retrouver tr\u00e8s prochainement lors d\u2019un prochain \u00e9v\u00e9nement. L\u2019\u00e9quipe des Cagouilles [...]\" \/>\n<meta property=\"og:url\" content=\"https:\/\/www.la16.fr\/fr\/les-cagouilles-montbronnaises\/\" \/>\n<meta property=\"og:site_name\" content=\"LA16.fr en Charente\" \/>\n<meta property=\"article:publisher\" content=\"https:\/\/www.facebook.com\/LA16fr\" \/>\n<meta property=\"article:modified_time\" content=\"2026-04-28T09:38:35+00:00\" \/>\n<meta property=\"og:image\" content=\"https:\/\/www.la16.fr\/fr\/wp-content\/uploads\/2025\/02\/logo-cagouilles-transpa.png\" \/>\n\t<meta property=\"og:image:width\" content=\"783\" \/>\n\t<meta property=\"og:image:height\" content=\"416\" \/>\n\t<meta property=\"og:image:type\" content=\"image\/png\" \/>\n<meta name=\"twitter:card\" content=\"summary_large_image\" \/>\n<meta name=\"twitter:site\" content=\"@La16Fr\" \/>\n<script type=\"application\/ld+json\" class=\"yoast-schema-graph\">{\"@context\":\"https:\\\/\\\/schema.org\",\"@graph\":[{\"@type\":\"WebPage\",\"@id\":\"https:\\\/\\\/www.la16.fr\\\/fr\\\/les-cagouilles-montbronnaises\\\/\",\"url\":\"https:\\\/\\\/www.la16.fr\\\/fr\\\/les-cagouilles-montbronnaises\\\/\",\"name\":\"Les Cagouilles Montbronnaises | LA16.fr en Charente\",\"isPartOf\":{\"@id\":\"https:\\\/\\\/www.la16.fr\\\/fr\\\/#website\"},\"primaryImageOfPage\":{\"@id\":\"https:\\\/\\\/www.la16.fr\\\/fr\\\/les-cagouilles-montbronnaises\\\/#primaryimage\"},\"image\":{\"@id\":\"https:\\\/\\\/www.la16.fr\\\/fr\\\/les-cagouilles-montbronnaises\\\/#primaryimage\"},\"thumbnailUrl\":\"https:\\\/\\\/www.la16.fr\\\/fr\\\/wp-content\\\/uploads\\\/2025\\\/02\\\/logo-cagouilles-transpa.png\",\"datePublished\":\"2024-12-28T13:22:04+00:00\",\"dateModified\":\"2026-04-28T09:38:35+00:00\",\"breadcrumb\":{\"@id\":\"https:\\\/\\\/www.la16.fr\\\/fr\\\/les-cagouilles-montbronnaises\\\/#breadcrumb\"},\"inLanguage\":\"fr-FR\",\"potentialAction\":[{\"@type\":\"ReadAction\",\"target\":[\"https:\\\/\\\/www.la16.fr\\\/fr\\\/les-cagouilles-montbronnaises\\\/\"]}]},{\"@type\":\"ImageObject\",\"inLanguage\":\"fr-FR\",\"@id\":\"https:\\\/\\\/www.la16.fr\\\/fr\\\/les-cagouilles-montbronnaises\\\/#primaryimage\",\"url\":\"https:\\\/\\\/www.la16.fr\\\/fr\\\/wp-content\\\/uploads\\\/2025\\\/02\\\/logo-cagouilles-transpa.png\",\"contentUrl\":\"https:\\\/\\\/www.la16.fr\\\/fr\\\/wp-content\\\/uploads\\\/2025\\\/02\\\/logo-cagouilles-transpa.png\",\"width\":783,\"height\":416},{\"@type\":\"BreadcrumbList\",\"@id\":\"https:\\\/\\\/www.la16.fr\\\/fr\\\/les-cagouilles-montbronnaises\\\/#breadcrumb\",\"itemListElement\":[{\"@type\":\"ListItem\",\"position\":1,\"name\":\"Accueil\",\"item\":\"https:\\\/\\\/www.la16.fr\\\/fr\\\/\"},{\"@type\":\"ListItem\",\"position\":2,\"name\":\"Les Cagouilles Montbronnaises\"}]},{\"@type\":\"WebSite\",\"@id\":\"https:\\\/\\\/www.la16.fr\\\/fr\\\/#website\",\"url\":\"https:\\\/\\\/www.la16.fr\\\/fr\\\/\",\"name\":\"LA16.fr en Charente\",\"description\":\"\",\"publisher\":{\"@id\":\"https:\\\/\\\/www.la16.fr\\\/fr\\\/#organization\"},\"potentialAction\":[{\"@type\":\"SearchAction\",\"target\":{\"@type\":\"EntryPoint\",\"urlTemplate\":\"https:\\\/\\\/www.la16.fr\\\/fr\\\/?s={search_term_string}\"},\"query-input\":{\"@type\":\"PropertyValueSpecification\",\"valueRequired\":true,\"valueName\":\"search_term_string\"}}],\"inLanguage\":\"fr-FR\"},{\"@type\":\"Organization\",\"@id\":\"https:\\\/\\\/www.la16.fr\\\/fr\\\/#organization\",\"name\":\"LA16\",\"url\":\"https:\\\/\\\/www.la16.fr\\\/fr\\\/\",\"logo\":{\"@type\":\"ImageObject\",\"inLanguage\":\"fr-FR\",\"@id\":\"https:\\\/\\\/www.la16.fr\\\/fr\\\/#\\\/schema\\\/logo\\\/image\\\/\",\"url\":\"https:\\\/\\\/www.la16.fr\\\/fr\\\/wp-content\\\/uploads\\\/2021\\\/08\\\/logo-2019-vectoriel-ok.png\",\"contentUrl\":\"https:\\\/\\\/www.la16.fr\\\/fr\\\/wp-content\\\/uploads\\\/2021\\\/08\\\/logo-2019-vectoriel-ok.png\",\"width\":500,\"height\":500,\"caption\":\"LA16\"},\"image\":{\"@id\":\"https:\\\/\\\/www.la16.fr\\\/fr\\\/#\\\/schema\\\/logo\\\/image\\\/\"},\"sameAs\":[\"https:\\\/\\\/www.facebook.com\\\/LA16fr\",\"https:\\\/\\\/x.com\\\/La16Fr\",\"https:\\\/\\\/www.instagram.com\\\/la16fr\\\/\",\"https:\\\/\\\/www.youtube.com\\\/channel\\\/UCdWiToB8k03CX56jPTUr07A\"]}]}<\/script>\n<!-- \/ Yoast SEO plugin. -->","yoast_head_json":{"title":"Les Cagouilles Montbronnaises | LA16.fr en Charente","robots":{"index":"index","follow":"follow","max-snippet":"max-snippet:-1","max-image-preview":"max-image-preview:large","max-video-preview":"max-video-preview:-1"},"canonical":"https:\/\/www.la16.fr\/fr\/les-cagouilles-montbronnaises\/","og_locale":"fr_FR","og_type":"article","og_title":"Les Cagouilles Montbronnaises | LA16.fr en Charente","og_description":"Les Cagouilles Montbronnaises : Annulation \u2013 Brocante \u00ab\u00a0Les Cagouilles Montbronnaises\u00a0\u00bb Nous vous informons que la brocante \u00ab\u00a0Les Cagouilles Montbronnaises\u00a0\u00bb, pr\u00e9vue le 8 mai 2026 au camping de Montbron, est malheureusement annul\u00e9e. Nous vous remercions pour votre compr\u00e9hension et esp\u00e9rons vous retrouver tr\u00e8s prochainement lors d\u2019un prochain \u00e9v\u00e9nement. L\u2019\u00e9quipe des Cagouilles [...]","og_url":"https:\/\/www.la16.fr\/fr\/les-cagouilles-montbronnaises\/","og_site_name":"LA16.fr en Charente","article_publisher":"https:\/\/www.facebook.com\/LA16fr","article_modified_time":"2026-04-28T09:38:35+00:00","og_image":[{"width":783,"height":416,"url":"https:\/\/www.la16.fr\/fr\/wp-content\/uploads\/2025\/02\/logo-cagouilles-transpa.png","type":"image\/png"}],"twitter_card":"summary_large_image","twitter_site":"@La16Fr","schema":{"@context":"https:\/\/schema.org","@graph":[{"@type":"WebPage","@id":"https:\/\/www.la16.fr\/fr\/les-cagouilles-montbronnaises\/","url":"https:\/\/www.la16.fr\/fr\/les-cagouilles-montbronnaises\/","name":"Les Cagouilles Montbronnaises | LA16.fr en Charente","isPartOf":{"@id":"https:\/\/www.la16.fr\/fr\/#website"},"primaryImageOfPage":{"@id":"https:\/\/www.la16.fr\/fr\/les-cagouilles-montbronnaises\/#primaryimage"},"image":{"@id":"https:\/\/www.la16.fr\/fr\/les-cagouilles-montbronnaises\/#primaryimage"},"thumbnailUrl":"https:\/\/www.la16.fr\/fr\/wp-content\/uploads\/2025\/02\/logo-cagouilles-transpa.png","datePublished":"2024-12-28T13:22:04+00:00","dateModified":"2026-04-28T09:38:35+00:00","breadcrumb":{"@id":"https:\/\/www.la16.fr\/fr\/les-cagouilles-montbronnaises\/#breadcrumb"},"inLanguage":"fr-FR","potentialAction":[{"@type":"ReadAction","target":["https:\/\/www.la16.fr\/fr\/les-cagouilles-montbronnaises\/"]}]},{"@type":"ImageObject","inLanguage":"fr-FR","@id":"https:\/\/www.la16.fr\/fr\/les-cagouilles-montbronnaises\/#primaryimage","url":"https:\/\/www.la16.fr\/fr\/wp-content\/uploads\/2025\/02\/logo-cagouilles-transpa.png","contentUrl":"https:\/\/www.la16.fr\/fr\/wp-content\/uploads\/2025\/02\/logo-cagouilles-transpa.png","width":783,"height":416},{"@type":"BreadcrumbList","@id":"https:\/\/www.la16.fr\/fr\/les-cagouilles-montbronnaises\/#breadcrumb","itemListElement":[{"@type":"ListItem","position":1,"name":"Accueil","item":"https:\/\/www.la16.fr\/fr\/"},{"@type":"ListItem","position":2,"name":"Les Cagouilles Montbronnaises"}]},{"@type":"WebSite","@id":"https:\/\/www.la16.fr\/fr\/#website","url":"https:\/\/www.la16.fr\/fr\/","name":"LA16.fr en Charente","description":"","publisher":{"@id":"https:\/\/www.la16.fr\/fr\/#organization"},"potentialAction":[{"@type":"SearchAction","target":{"@type":"EntryPoint","urlTemplate":"https:\/\/www.la16.fr\/fr\/?s={search_term_string}"},"query-input":{"@type":"PropertyValueSpecification","valueRequired":true,"valueName":"search_term_string"}}],"inLanguage":"fr-FR"},{"@type":"Organization","@id":"https:\/\/www.la16.fr\/fr\/#organization","name":"LA16","url":"https:\/\/www.la16.fr\/fr\/","logo":{"@type":"ImageObject","inLanguage":"fr-FR","@id":"https:\/\/www.la16.fr\/fr\/#\/schema\/logo\/image\/","url":"https:\/\/www.la16.fr\/fr\/wp-content\/uploads\/2021\/08\/logo-2019-vectoriel-ok.png","contentUrl":"https:\/\/www.la16.fr\/fr\/wp-content\/uploads\/2021\/08\/logo-2019-vectoriel-ok.png","width":500,"height":500,"caption":"LA16"},"image":{"@id":"https:\/\/www.la16.fr\/fr\/#\/schema\/logo\/image\/"},"sameAs":["https:\/\/www.facebook.com\/LA16fr","https:\/\/x.com\/La16Fr","https:\/\/www.instagram.com\/la16fr\/","https:\/\/www.youtube.com\/channel\/UCdWiToB8k03CX56jPTUr07A"]}]}},"_links":{"self":[{"href":"https:\/\/www.la16.fr\/fr\/wp-json\/wp\/v2\/pages\/23384","targetHints":{"allow":["GET"]}}],"collection":[{"href":"https:\/\/www.la16.fr\/fr\/wp-json\/wp\/v2\/pages"}],"about":[{"href":"https:\/\/www.la16.fr\/fr\/wp-json\/wp\/v2\/types\/page"}],"author":[{"embeddable":true,"href":"https:\/\/www.la16.fr\/fr\/wp-json\/wp\/v2\/users\/1"}],"replies":[{"embeddable":true,"href":"https:\/\/www.la16.fr\/fr\/wp-json\/wp\/v2\/comments?post=23384"}],"version-history":[{"count":146,"href":"https:\/\/www.la16.fr\/fr\/wp-json\/wp\/v2\/pages\/23384\/revisions"}],"predecessor-version":[{"id":24652,"href":"https:\/\/www.la16.fr\/fr\/wp-json\/wp\/v2\/pages\/23384\/revisions\/24652"}],"wp:featuredmedia":[{"embeddable":true,"href":"https:\/\/www.la16.fr\/fr\/wp-json\/wp\/v2\/media\/24177"}],"wp:attachment":[{"href":"https:\/\/www.la16.fr\/fr\/wp-json\/wp\/v2\/media?parent=23384"}],"curies":[{"name":"wp","href":"https:\/\/api.w.org\/{rel}","templated":true}]}}